{"id":6093,"date":"2020-06-23T09:41:20","date_gmt":"2020-06-23T09:41:20","guid":{"rendered":"https:\/\/ch.alfasigma.com\/chi-siamo\/unser-ziel\/"},"modified":"2025-03-21T13:58:18","modified_gmt":"2025-03-21T13:58:18","slug":"unser-ziel","status":"publish","type":"page","link":"https:\/\/ch.alfasigma.com\/de\/unser-unternehmen\/unser-ziel\/","title":{"rendered":"Unser Ziel"},"content":{"rendered":"\t\t<div data-elementor-type=\"wp-page\" data-elementor-id=\"6093\" class=\"elementor elementor-6093 elementor-1271\" data-elementor-post-type=\"page\">\n\t\t\t\t\t\t<section class=\"elementor-section elementor-top-section elementor-element elementor-element-f2a4cc0 elementor-section-stretched elementor-section-height-min-height elementor-section-items-top elementor-section-boxed elementor-section-height-default\" data-id=\"f2a4cc0\" data-element_type=\"section\" data-e-type=\"section\" data-settings=\"{&quot;stretch_section&quot;:&quot;section-stretched&quot;,&quot;background_background&quot;:&quot;classic&quot;}\">\n\t\t\t\t\t\t\t<div class=\"elementor-background-overlay\"><\/div>\n\t\t\t\t\t\t\t<div class=\"elementor-container elementor-column-gap-default\">\n\t\t\t\t\t<div class=\"elementor-column elementor-col-100 elementor-top-column elementor-element elementor-element-9bf0525\" data-id=\"9bf0525\" data-element_type=\"column\" data-e-type=\"column\">\n\t\t\t<div class=\"elementor-widget-wrap elementor-element-populated\">\n\t\t\t\t\t\t<div class=\"elementor-element elementor-element-11d1e2d text-white font-weight-normal elementor-invisible elementor-widget elementor-widget-heading\" data-id=\"11d1e2d\" data-element_type=\"widget\" data-e-type=\"widget\" data-settings=\"{&quot;_animation&quot;:&quot;slideInLeft&quot;}\" data-widget_type=\"heading.default\">\n\t\t\t\t<div class=\"elementor-widget-container\">\n\t\t\t\t\t<p class=\"elementor-heading-title elementor-size-default\">Unser Unternehmen \/ Unser Ziel<\/p>\t\t\t\t<\/div>\n\t\t\t\t<\/div>\n\t\t\t\t<div class=\"elementor-element elementor-element-0e2b855 text-white elementor-invisible elementor-widget elementor-widget-heading\" data-id=\"0e2b855\" data-element_type=\"widget\" data-e-type=\"widget\" data-settings=\"{&quot;_animation&quot;:&quot;slideInLeft&quot;}\" data-widget_type=\"heading.default\">\n\t\t\t\t<div class=\"elementor-widget-container\">\n\t\t\t\t\t<h1 class=\"elementor-heading-title elementor-size-default\">Mit Leidenschaft<br>\nans Ziel<\/h1>\t\t\t\t<\/div>\n\t\t\t\t<\/div>\n\t\t\t\t\t<\/div>\n\t\t<\/div>\n\t\t\t\t\t<\/div>\n\t\t<\/section>\n\t\t\t\t<section class=\"elementor-section elementor-top-section elementor-element elementor-element-ed5fb1f elementor-section-boxed elementor-section-height-default elementor-section-height-default\" data-id=\"ed5fb1f\" data-element_type=\"section\" data-e-type=\"section\">\n\t\t\t\t\t\t<div class=\"elementor-container elementor-column-gap-default\">\n\t\t\t\t\t<div class=\"elementor-column elementor-col-100 elementor-top-column elementor-element elementor-element-34e7c43 elementor-invisible\" data-id=\"34e7c43\" data-element_type=\"column\" data-e-type=\"column\" data-settings=\"{&quot;animation&quot;:&quot;fadeIn&quot;}\">\n\t\t\t<div class=\"elementor-widget-wrap elementor-element-populated\">\n\t\t\t\t\t\t<div class=\"elementor-element elementor-element-8460a8a text-third elementor-widget elementor-widget-text-editor\" data-id=\"8460a8a\" data-element_type=\"widget\" data-e-type=\"widget\" data-widget_type=\"text-editor.default\">\n\t\t\t\t<div class=\"elementor-widget-container\">\n\t\t\t\t\t\t\t\t\t<p>Unser Ziel ist eine bessere Gesundheit und eine h\u00f6here Lebensqualit\u00e4t f\u00fcr Patienten, Pflegepersonal und Gesundheitsdienstleister. Der Dienst am Patienten ist unsere Inspiration, und wir setzen alles daran, ihr Leben zu verbessern. Alfasigma hat sich zum Ziel gesetzt, bis 2025 eines der f\u00fchrenden Spezialunternehmen zu werden, das Patienten auf der ganzen Welt in therapeutischen Bereichen wie Gastroenterologie und Gef\u00e4\u00dferkrankungen betreut.<\/p><p>Unsere Kultur basiert auf drei Grundwerten: Integrit\u00e4t, Beharrlichkeit und Leidenschaft, die uns bei all unseren T\u00e4tigkeiten inspirieren.<\/p><p>Im Mittelpunkt unserer Geschichte steht die LEIDENSCHAFT.<\/p><p><em>Pharmaceuticals with Passion<\/em> ist unser Firmenmotto: Das bedeutet, dass die Mitarbeiter von Alfasigma schon immer mit Leidenschaft bei der Sache waren - und auch in Zukunft sein werden.<\/p><p><em>Pharmaceuticals with Passion<\/em> ist auf die Gesundheit der Menschen ausgerichtet.<br><em>Pharmaceuticals with Passion<\/em> ist unsere beste Arbeit und der Grund, warum wir unseren Job machen.<br><em>Pharmaceuticals with Passion<\/em> dient \u00c4rzten, Apothekern, Kostentr\u00e4gern, Patienten und unseren Mitarbeitern.<\/p><p>Auf diese Weise dienen wir - mit dem Herzen und mit dem Kopf. Auf diese Weise k\u00f6nnen wir etwas bewirken, damit unsere Patienten ihre Tr\u00e4ume verwirklichen und das Leben in vollen Z\u00fcgen genie\u00dfen k\u00f6nnen.<\/p>\t\t\t\t\t\t\t\t<\/div>\n\t\t\t\t<\/div>\n\t\t\t\t\t<\/div>\n\t\t<\/div>\n\t\t\t\t\t<\/div>\n\t\t<\/section>\n\t\t\t\t<section class=\"elementor-section elementor-top-section elementor-element elementor-element-d6dba9c bg-primary elementor-section-boxed elementor-section-height-default elementor-section-height-default\" data-id=\"d6dba9c\" data-element_type=\"section\" data-e-type=\"section\">\n\t\t\t\t\t\t<div class=\"elementor-container elementor-column-gap-extended\">\n\t\t\t\t\t<div class=\"elementor-column elementor-col-100 elementor-top-column elementor-element elementor-element-04d3c9e elementor-invisible\" data-id=\"04d3c9e\" data-element_type=\"column\" data-e-type=\"column\" data-settings=\"{&quot;animation&quot;:&quot;fadeIn&quot;}\">\n\t\t\t<div class=\"elementor-widget-wrap elementor-element-populated\">\n\t\t\t\t\t\t<div class=\"elementor-element elementor-element-46fd1d2 elementor-widget elementor-widget-heading\" data-id=\"46fd1d2\" data-element_type=\"widget\" data-e-type=\"widget\" data-widget_type=\"heading.default\">\n\t\t\t\t<div class=\"elementor-widget-container\">\n\t\t\t\t\t<h3 class=\"elementor-heading-title elementor-size-default\">Finde mehr heraus<\/h3>\t\t\t\t<\/div>\n\t\t\t\t<\/div>\n\t\t\t\t\t<\/div>\n\t\t<\/div>\n\t\t\t\t\t<\/div>\n\t\t<\/section>\n\t\t\t\t<section class=\"elementor-section elementor-top-section elementor-element elementor-element-b464e3c bg-primary elementor-section-boxed elementor-section-height-default elementor-section-height-default\" data-id=\"b464e3c\" data-element_type=\"section\" data-e-type=\"section\" data-settings=\"{&quot;animation&quot;:&quot;none&quot;}\">\n\t\t\t\t\t\t<div class=\"elementor-container elementor-column-gap-extended\">\n\t\t\t\t\t<div class=\"elementor-column elementor-col-33 elementor-top-column elementor-element elementor-element-993c8b8 elementor-invisible\" data-id=\"993c8b8\" data-element_type=\"column\" data-e-type=\"column\" data-settings=\"{&quot;animation&quot;:&quot;zoomIn&quot;}\">\n\t\t\t<div class=\"elementor-widget-wrap elementor-element-populated\">\n\t\t\t\t\t\t<div class=\"elementor-element elementor-element-f27bfa1 elementor-cta--skin-classic elementor-animated-content elementor-bg-transform elementor-bg-transform-zoom-in elementor-widget elementor-widget-call-to-action\" data-id=\"f27bfa1\" data-element_type=\"widget\" data-e-type=\"widget\" data-widget_type=\"call-to-action.default\">\n\t\t\t\t<div class=\"elementor-widget-container\">\n\t\t\t\t\t\t\t<a class=\"elementor-cta\" href=\"https:\/\/ch.alfasigma.com\/de\/unser-unternehmen\/kulturelle-werte\/\">\n\t\t\t\t\t<div class=\"elementor-cta__bg-wrapper\">\n\t\t\t\t<div class=\"elementor-cta__bg elementor-bg\" style=\"background-image: url(https:\/\/ch.alfasigma.com\/wp-content\/uploads\/2020\/07\/Ourpeople_RM_1920x1080.jpg);\" role=\"img\" aria-label=\"Ourpeople_RM_1920x1080\"><\/div>\n\t\t\t\t<div class=\"elementor-cta__bg-overlay\"><\/div>\n\t\t\t<\/div>\n\t\t\t\t\t\t\t\t<\/a>\n\t\t\t\t\t\t<\/div>\n\t\t\t\t<\/div>\n\t\t\t\t<div class=\"elementor-element elementor-element-dd345b6 elementor-widget elementor-widget-heading\" data-id=\"dd345b6\" data-element_type=\"widget\" data-e-type=\"widget\" data-widget_type=\"heading.default\">\n\t\t\t\t<div class=\"elementor-widget-container\">\n\t\t\t\t\t<h4 class=\"elementor-heading-title elementor-size-default\"><a href=\"https:\/\/ch.alfasigma.com\/de\/unser-unternehmen\/kulturelle-werte\/\">Kulturelle Werte<\/a><\/h4>\t\t\t\t<\/div>\n\t\t\t\t<\/div>\n\t\t\t\t<div class=\"elementor-element elementor-element-7dab4aa elementor-widget elementor-widget-text-editor\" data-id=\"7dab4aa\" data-element_type=\"widget\" data-e-type=\"widget\" data-widget_type=\"text-editor.default\">\n\t\t\t\t<div class=\"elementor-widget-container\">\n\t\t\t\t\t\t\t\t\t<p>Unsere Kultur basiert auf drei Grundwerten: Integrit\u00e4t, Beharrlichkeit und Leidenschaft. <\/p>\t\t\t\t\t\t\t\t<\/div>\n\t\t\t\t<\/div>\n\t\t\t\t\t<\/div>\n\t\t<\/div>\n\t\t\t\t<div class=\"elementor-column elementor-col-33 elementor-top-column elementor-element elementor-element-1b4a58d elementor-invisible\" data-id=\"1b4a58d\" data-element_type=\"column\" data-e-type=\"column\" data-settings=\"{&quot;animation&quot;:&quot;zoomIn&quot;}\">\n\t\t\t<div class=\"elementor-widget-wrap elementor-element-populated\">\n\t\t\t\t\t\t<div class=\"elementor-element elementor-element-16730e2 elementor-cta--skin-classic elementor-animated-content elementor-bg-transform elementor-bg-transform-zoom-in elementor-widget elementor-widget-call-to-action\" data-id=\"16730e2\" data-element_type=\"widget\" data-e-type=\"widget\" data-widget_type=\"call-to-action.default\">\n\t\t\t\t<div class=\"elementor-widget-container\">\n\t\t\t\t\t\t\t<a class=\"elementor-cta\" href=\"https:\/\/ch.alfasigma.com\/de\/unser-unternehmen\/fuehrungsmodell\/\">\n\t\t\t\t\t<div class=\"elementor-cta__bg-wrapper\">\n\t\t\t\t<div class=\"elementor-cta__bg elementor-bg\" style=\"background-image: url(https:\/\/ch.alfasigma.com\/wp-content\/uploads\/2020\/06\/02B-cover_Leadership-model_1920x1080-scaled.jpg);\" role=\"img\" aria-label=\"02B-cover_Leadership-model_1920x1080\"><\/div>\n\t\t\t\t<div class=\"elementor-cta__bg-overlay\"><\/div>\n\t\t\t<\/div>\n\t\t\t\t\t\t\t\t<\/a>\n\t\t\t\t\t\t<\/div>\n\t\t\t\t<\/div>\n\t\t\t\t<div class=\"elementor-element elementor-element-6ed8f2c elementor-widget elementor-widget-heading\" data-id=\"6ed8f2c\" data-element_type=\"widget\" data-e-type=\"widget\" data-widget_type=\"heading.default\">\n\t\t\t\t<div class=\"elementor-widget-container\">\n\t\t\t\t\t<h4 class=\"elementor-heading-title elementor-size-default\"><a href=\"https:\/\/ch.alfasigma.com\/de\/unser-unternehmen\/fuehrungsmodell\/\">F\u00fchrungsmodell<\/a><\/h4>\t\t\t\t<\/div>\n\t\t\t\t<\/div>\n\t\t\t\t<div class=\"elementor-element elementor-element-885cb1e elementor-widget elementor-widget-text-editor\" data-id=\"885cb1e\" data-element_type=\"widget\" data-e-type=\"widget\" data-widget_type=\"text-editor.default\">\n\t\t\t\t<div class=\"elementor-widget-container\">\n\t\t\t\t\t\t\t\t\t<p>Im Jahr 2019 hat Alfasigma ein neues F\u00fchrungsmodell eingef\u00fchrt, das f\u00fcnf bevorzugte Verhaltensweisen vorschreibt, die t\u00e4glich in die Praxis umgesetzt werden sollen. <\/p>\t\t\t\t\t\t\t\t<\/div>\n\t\t\t\t<\/div>\n\t\t\t\t\t<\/div>\n\t\t<\/div>\n\t\t\t\t<div class=\"elementor-column elementor-col-33 elementor-top-column elementor-element elementor-element-92656f8 elementor-invisible\" data-id=\"92656f8\" data-element_type=\"column\" data-e-type=\"column\" data-settings=\"{&quot;animation&quot;:&quot;zoomIn&quot;}\">\n\t\t\t<div class=\"elementor-widget-wrap\">\n\t\t\t\t\t\t\t<\/div>\n\t\t<\/div>\n\t\t\t\t\t<\/div>\n\t\t<\/section>\n\t\t\t\t<\/div>\n\t\t","protected":false},"excerpt":{"rendered":"<p>Unser Unternehmen \/ Unser Ziel Mit Leidenschaft ans Ziel Unser Ziel ist eine bessere Gesundheit und eine h\u00f6here Lebensqualit\u00e4t f\u00fcr Patienten, Pflegepersonal und Gesundheitsdienstleister. Der Dienst am Patienten ist unsere Inspiration, und wir setzen alles daran, ihr Leben zu verbessern. Alfasigma hat sich zum Ziel gesetzt, bis 2025 eines der f\u00fchrenden Spezialunternehmen zu werden, das &hellip; <a href=\"https:\/\/ch.alfasigma.com\/de\/unser-unternehmen\/unser-ziel\/\">Continued<\/a><\/p>\n","protected":false},"author":1,"featured_media":5087,"parent":4633,"menu_order":0,"comment_status":"closed","ping_status":"closed","template":"views\/template-custom.blade.php","meta":{"_acf_changed":false,"footnotes":""},"class_list":["post-6093","page","type-page","status-publish","has-post-thumbnail","hentry"],"acf":[],"yoast_head":"<!-- This site is optimized with the Yoast SEO plugin v27.3 - https:\/\/yoast.com\/product\/yoast-seo-wordpress\/ -->\n<title>Alfasigma Schweiz - Unser Ziel<\/title>\n<meta name=\"description\" content=\"Unser Ziel ist eine bessere Gesundheit und eine h\u00f6here Lebensqualit\u00e4t f\u00fcr Patienten, Pflegepersonal und Gesundheitsdienstleister.\" \/>\n<meta name=\"robots\" content=\"index,follow\" \/>\n<link rel=\"canonical\" href=\"https:\/\/ch.alfasigma.com\/de\/unser-unternehmen\/unser-ziel\/\" \/>\n<meta property=\"og:locale\" content=\"de_DE\" \/>\n<meta property=\"og:type\" content=\"article\" \/>\n<meta property=\"og:title\" content=\"Alfasigma Schweiz - Unser Ziel\" \/>\n<meta property=\"og:description\" content=\"Unser Ziel ist eine bessere Gesundheit und eine h\u00f6here Lebensqualit\u00e4t f\u00fcr Patienten, Pflegepersonal und Gesundheitsdienstleister.\" \/>\n<meta property=\"og:url\" content=\"https:\/\/ch.alfasigma.com\/de\/unser-unternehmen\/unser-ziel\/\" \/>\n<meta property=\"og:site_name\" content=\"Alfasigma Schweiz\" \/>\n<meta property=\"article:modified_time\" content=\"2025-03-21T13:58:18+00:00\" \/>\n<meta property=\"og:image\" content=\"https:\/\/ch.alfasigma.com\/wp-content\/uploads\/2020\/07\/ALANNO_1001_FOTO_NICCOLO_BIDDAU-dida-ok-1.jpg\" \/>\n\t<meta property=\"og:image:width\" content=\"1920\" \/>\n\t<meta property=\"og:image:height\" content=\"1080\" \/>\n\t<meta property=\"og:image:type\" content=\"image\/jpeg\" \/>\n<meta name=\"twitter:card\" content=\"summary_large_image\" \/>\n<meta name=\"twitter:label1\" content=\"Gesch\u00e4tzte Lesezeit\" \/>\n\t<meta name=\"twitter:data1\" content=\"2\u00a0Minuten\" \/>\n<script type=\"application\/ld+json\" class=\"yoast-schema-graph\">{\"@context\":\"https:\\\/\\\/schema.org\",\"@graph\":[{\"@type\":\"WebPage\",\"@id\":\"https:\\\/\\\/ch.alfasigma.com\\\/de\\\/unser-unternehmen\\\/unser-ziel\\\/\",\"url\":\"https:\\\/\\\/ch.alfasigma.com\\\/de\\\/unser-unternehmen\\\/unser-ziel\\\/\",\"name\":\"Alfasigma Schweiz - Unser Ziel\",\"isPartOf\":{\"@id\":\"https:\\\/\\\/ch.alfasigma.com\\\/de\\\/#website\"},\"primaryImageOfPage\":{\"@id\":\"https:\\\/\\\/ch.alfasigma.com\\\/de\\\/unser-unternehmen\\\/unser-ziel\\\/#primaryimage\"},\"image\":{\"@id\":\"https:\\\/\\\/ch.alfasigma.com\\\/de\\\/unser-unternehmen\\\/unser-ziel\\\/#primaryimage\"},\"thumbnailUrl\":\"https:\\\/\\\/ch.alfasigma.com\\\/wp-content\\\/uploads\\\/2020\\\/07\\\/ALANNO_1001_FOTO_NICCOLO_BIDDAU-dida-ok-1.jpg\",\"datePublished\":\"2020-06-23T09:41:20+00:00\",\"dateModified\":\"2025-03-21T13:58:18+00:00\",\"description\":\"Unser Ziel ist eine bessere Gesundheit und eine h\u00f6here Lebensqualit\u00e4t f\u00fcr Patienten, Pflegepersonal und Gesundheitsdienstleister.\",\"breadcrumb\":{\"@id\":\"https:\\\/\\\/ch.alfasigma.com\\\/de\\\/unser-unternehmen\\\/unser-ziel\\\/#breadcrumb\"},\"inLanguage\":\"de-CH\",\"potentialAction\":[{\"@type\":\"ReadAction\",\"target\":[\"https:\\\/\\\/ch.alfasigma.com\\\/de\\\/unser-unternehmen\\\/unser-ziel\\\/\"]}]},{\"@type\":\"ImageObject\",\"inLanguage\":\"de-CH\",\"@id\":\"https:\\\/\\\/ch.alfasigma.com\\\/de\\\/unser-unternehmen\\\/unser-ziel\\\/#primaryimage\",\"url\":\"https:\\\/\\\/ch.alfasigma.com\\\/wp-content\\\/uploads\\\/2020\\\/07\\\/ALANNO_1001_FOTO_NICCOLO_BIDDAU-dida-ok-1.jpg\",\"contentUrl\":\"https:\\\/\\\/ch.alfasigma.com\\\/wp-content\\\/uploads\\\/2020\\\/07\\\/ALANNO_1001_FOTO_NICCOLO_BIDDAU-dida-ok-1.jpg\",\"width\":1920,\"height\":1080},{\"@type\":\"BreadcrumbList\",\"@id\":\"https:\\\/\\\/ch.alfasigma.com\\\/de\\\/unser-unternehmen\\\/unser-ziel\\\/#breadcrumb\",\"itemListElement\":[{\"@type\":\"ListItem\",\"position\":1,\"name\":\"Home\",\"item\":\"https:\\\/\\\/ch.alfasigma.com\\\/de\\\/\"},{\"@type\":\"ListItem\",\"position\":2,\"name\":\"Unser Unternehmen\",\"item\":\"https:\\\/\\\/ch.alfasigma.com\\\/de\\\/unser-unternehmen\\\/\"},{\"@type\":\"ListItem\",\"position\":3,\"name\":\"Unser Ziel\"}]},{\"@type\":\"WebSite\",\"@id\":\"https:\\\/\\\/ch.alfasigma.com\\\/de\\\/#website\",\"url\":\"https:\\\/\\\/ch.alfasigma.com\\\/de\\\/\",\"name\":\"Alfasigma Schweiz\",\"description\":\"Pharmaceuticals with passion\",\"potentialAction\":[{\"@type\":\"SearchAction\",\"target\":{\"@type\":\"EntryPoint\",\"urlTemplate\":\"https:\\\/\\\/ch.alfasigma.com\\\/de\\\/?s={search_term_string}\"},\"query-input\":{\"@type\":\"PropertyValueSpecification\",\"valueRequired\":true,\"valueName\":\"search_term_string\"}}],\"inLanguage\":\"de-CH\"}]}<\/script>\n<!-- \/ Yoast SEO plugin. -->","yoast_head_json":{"title":"Alfasigma Schweiz - Unser Ziel","description":"Unser Ziel ist eine bessere Gesundheit und eine h\u00f6here Lebensqualit\u00e4t f\u00fcr Patienten, Pflegepersonal und Gesundheitsdienstleister.","robots":{"index,follow":"index,follow"},"canonical":"https:\/\/ch.alfasigma.com\/de\/unser-unternehmen\/unser-ziel\/","og_locale":"de_DE","og_type":"article","og_title":"Alfasigma Schweiz - Unser Ziel","og_description":"Unser Ziel ist eine bessere Gesundheit und eine h\u00f6here Lebensqualit\u00e4t f\u00fcr Patienten, Pflegepersonal und Gesundheitsdienstleister.","og_url":"https:\/\/ch.alfasigma.com\/de\/unser-unternehmen\/unser-ziel\/","og_site_name":"Alfasigma Schweiz","article_modified_time":"2025-03-21T13:58:18+00:00","og_image":[{"width":1920,"height":1080,"url":"https:\/\/ch.alfasigma.com\/wp-content\/uploads\/2020\/07\/ALANNO_1001_FOTO_NICCOLO_BIDDAU-dida-ok-1.jpg","type":"image\/jpeg"}],"twitter_card":"summary_large_image","twitter_misc":{"Gesch\u00e4tzte Lesezeit":"2\u00a0Minuten"},"schema":{"@context":"https:\/\/schema.org","@graph":[{"@type":"WebPage","@id":"https:\/\/ch.alfasigma.com\/de\/unser-unternehmen\/unser-ziel\/","url":"https:\/\/ch.alfasigma.com\/de\/unser-unternehmen\/unser-ziel\/","name":"Alfasigma Schweiz - Unser Ziel","isPartOf":{"@id":"https:\/\/ch.alfasigma.com\/de\/#website"},"primaryImageOfPage":{"@id":"https:\/\/ch.alfasigma.com\/de\/unser-unternehmen\/unser-ziel\/#primaryimage"},"image":{"@id":"https:\/\/ch.alfasigma.com\/de\/unser-unternehmen\/unser-ziel\/#primaryimage"},"thumbnailUrl":"https:\/\/ch.alfasigma.com\/wp-content\/uploads\/2020\/07\/ALANNO_1001_FOTO_NICCOLO_BIDDAU-dida-ok-1.jpg","datePublished":"2020-06-23T09:41:20+00:00","dateModified":"2025-03-21T13:58:18+00:00","description":"Unser Ziel ist eine bessere Gesundheit und eine h\u00f6here Lebensqualit\u00e4t f\u00fcr Patienten, Pflegepersonal und Gesundheitsdienstleister.","breadcrumb":{"@id":"https:\/\/ch.alfasigma.com\/de\/unser-unternehmen\/unser-ziel\/#breadcrumb"},"inLanguage":"de-CH","potentialAction":[{"@type":"ReadAction","target":["https:\/\/ch.alfasigma.com\/de\/unser-unternehmen\/unser-ziel\/"]}]},{"@type":"ImageObject","inLanguage":"de-CH","@id":"https:\/\/ch.alfasigma.com\/de\/unser-unternehmen\/unser-ziel\/#primaryimage","url":"https:\/\/ch.alfasigma.com\/wp-content\/uploads\/2020\/07\/ALANNO_1001_FOTO_NICCOLO_BIDDAU-dida-ok-1.jpg","contentUrl":"https:\/\/ch.alfasigma.com\/wp-content\/uploads\/2020\/07\/ALANNO_1001_FOTO_NICCOLO_BIDDAU-dida-ok-1.jpg","width":1920,"height":1080},{"@type":"BreadcrumbList","@id":"https:\/\/ch.alfasigma.com\/de\/unser-unternehmen\/unser-ziel\/#breadcrumb","itemListElement":[{"@type":"ListItem","position":1,"name":"Home","item":"https:\/\/ch.alfasigma.com\/de\/"},{"@type":"ListItem","position":2,"name":"Unser Unternehmen","item":"https:\/\/ch.alfasigma.com\/de\/unser-unternehmen\/"},{"@type":"ListItem","position":3,"name":"Unser Ziel"}]},{"@type":"WebSite","@id":"https:\/\/ch.alfasigma.com\/de\/#website","url":"https:\/\/ch.alfasigma.com\/de\/","name":"Alfasigma Schweiz","description":"Pharmaceuticals with passion","potentialAction":[{"@type":"SearchAction","target":{"@type":"EntryPoint","urlTemplate":"https:\/\/ch.alfasigma.com\/de\/?s={search_term_string}"},"query-input":{"@type":"PropertyValueSpecification","valueRequired":true,"valueName":"search_term_string"}}],"inLanguage":"de-CH"}]}},"_links":{"self":[{"href":"https:\/\/ch.alfasigma.com\/de\/wp-json\/wp\/v2\/pages\/6093","targetHints":{"allow":["GET"]}}],"collection":[{"href":"https:\/\/ch.alfasigma.com\/de\/wp-json\/wp\/v2\/pages"}],"about":[{"href":"https:\/\/ch.alfasigma.com\/de\/wp-json\/wp\/v2\/types\/page"}],"author":[{"embeddable":true,"href":"https:\/\/ch.alfasigma.com\/de\/wp-json\/wp\/v2\/users\/1"}],"replies":[{"embeddable":true,"href":"https:\/\/ch.alfasigma.com\/de\/wp-json\/wp\/v2\/comments?post=6093"}],"version-history":[{"count":3,"href":"https:\/\/ch.alfasigma.com\/de\/wp-json\/wp\/v2\/pages\/6093\/revisions"}],"predecessor-version":[{"id":7819,"href":"https:\/\/ch.alfasigma.com\/de\/wp-json\/wp\/v2\/pages\/6093\/revisions\/7819"}],"up":[{"embeddable":true,"href":"https:\/\/ch.alfasigma.com\/de\/wp-json\/wp\/v2\/pages\/4633"}],"wp:featuredmedia":[{"embeddable":true,"href":"https:\/\/ch.alfasigma.com\/de\/wp-json\/wp\/v2\/media\/5087"}],"wp:attachment":[{"href":"https:\/\/ch.alfasigma.com\/de\/wp-json\/wp\/v2\/media?parent=6093"}],"curies":[{"name":"wp","href":"https:\/\/api.w.org\/{rel}","templated":true}]}}