{"id":6108,"date":"2020-04-07T13:23:50","date_gmt":"2020-04-07T13:23:50","guid":{"rendered":"https:\/\/ch.alfasigma.com\/rechtlicher-hinweis\/"},"modified":"2022-09-06T06:53:40","modified_gmt":"2022-09-06T06:53:40","slug":"rechtlicher-hinweis","status":"publish","type":"page","link":"https:\/\/ch.alfasigma.com\/de\/rechtlicher-hinweis\/","title":{"rendered":"Rechtliche Hinweise"},"content":{"rendered":"\t\t<div data-elementor-type=\"wp-page\" data-elementor-id=\"6108\" class=\"elementor elementor-6108 elementor-367\" data-elementor-post-type=\"page\">\n\t\t\t\t\t\t<section class=\"elementor-section elementor-top-section elementor-element elementor-element-a95751d elementor-section-boxed elementor-section-height-default elementor-section-height-default\" data-id=\"a95751d\" data-element_type=\"section\" data-e-type=\"section\">\n\t\t\t\t\t\t<div class=\"elementor-container elementor-column-gap-default\">\n\t\t\t\t\t<div class=\"elementor-column elementor-col-100 elementor-top-column elementor-element elementor-element-250bc72 elementor-invisible\" data-id=\"250bc72\" data-element_type=\"column\" data-e-type=\"column\" data-settings=\"{&quot;animation&quot;:&quot;fadeIn&quot;}\">\n\t\t\t<div class=\"elementor-widget-wrap elementor-element-populated\">\n\t\t\t\t\t\t<div class=\"elementor-element elementor-element-205e115 elementor-invisible elementor-widget elementor-widget-heading\" data-id=\"205e115\" data-element_type=\"widget\" data-e-type=\"widget\" data-settings=\"{&quot;_animation&quot;:&quot;zoomIn&quot;}\" data-widget_type=\"heading.default\">\n\t\t\t\t<div class=\"elementor-widget-container\">\n\t\t\t\t\t<h3 class=\"elementor-heading-title elementor-size-default\">Rechtliche Hinweise<\/h3>\t\t\t\t<\/div>\n\t\t\t\t<\/div>\n\t\t\t\t<div class=\"elementor-element elementor-element-139e6e2 elementor-invisible elementor-widget elementor-widget-text-editor\" data-id=\"139e6e2\" data-element_type=\"widget\" data-e-type=\"widget\" data-settings=\"{&quot;_animation&quot;:&quot;fadeIn&quot;}\" data-widget_type=\"text-editor.default\">\n\t\t\t\t<div class=\"elementor-widget-container\">\n\t\t\t\t\t\t\t\t\t<p>Der Zugang und die Nutzung dieser Website unterliegen den nachfolgenden Bestimmungen. Mit dem Besuch dieser Webseite stimmen Sie zu, diese Nutzungsbestimmungen zu akzeptieren. Falls Sie mit den Nutzungsbestimmungen nicht einverstanden sind, benutzen Sie bitte diese Webseite nicht mehr. Die Firma Alfasigma beh\u00e4lt sich das Recht vor, ohne Vorank\u00fcndigung Korrekturma\u00dfnahmen zu ergreifen, wenn sie feststellt, dass gegen diese Nutzungsbedingungen versto\u00dfen wurde. Die Korrekturma\u00dfnahmen umfassen die Beendigung des Zugriffs des Nutzers auf die Website und ihre Dienste und die Entfernung von Material, das der Nutzer auf die Website hochgeladen hat, ohne jegliche Haftung seitens Alfasigma. Bitte informieren Sie sich von Zeit zu Zeit \u00fcber die aktuelle Version der Nutzungsbedingungen.<\/p><p><strong>Haftungsausschluss<\/strong><br>Die Informationen dieser Webseite dienen nur der allgemeinen Information \u00fcber Alfasigma Schweiz AG, ihre Produkte und Dienstleistungen. Alfasigma Schweiz AG hat den Inhalt der Webseite nach bestem Wissen und Gewissen zusammengestellt und ist darum bem\u00fcht, dass die Informationen auf der Webseite aktuell sind. Die Informationen auf der Webseite erheben aber keinen Anspruch auf fachliche Vollst\u00e4ndigkeit. Alfasigma Schweiz AG \u00fcbernimmt keinerlei Gew\u00e4hr hinsichtlich der inhaltlichen Richtigkeit, Genauigkeit, Aktualit\u00e4t, Zuverl\u00e4ssigkeit und Vollst\u00e4ndigkeit der Informationen. F\u00fcr medizinische Anfragen wenden Sie sich bitte an eine Fachperson.<br>Haftungsanspr\u00fcche gegen den Autor wegen Sch\u00e4den materieller oder immaterieller Art, welche aus dem Zugriff oder der Nutzung bzw. Nichtnutzung der ver\u00f6ffentlichten Informationen, durch Missbrauch der Verbindung oder durch technische St\u00f6rungen entstanden sind, werden ausgeschlossen.<br>Alfasigma Schweiz AG \u00fcbernimmt auch keine Verantwortung und Haftung f\u00fcr eventuelle Sch\u00e4digung oder Virusbefall Ihrer Computerausstattung.<br>Alle Angebote sind unverbindlich. Der Autor beh\u00e4lt es sich ausdr\u00fccklich vor, Teile der Seiten oder das gesamte Angebot ohne gesonderte Ank\u00fcndigung zu ver\u00e4ndern, zu erg\u00e4nzen, zu l\u00f6schen oder die Ver\u00f6ffentlichung zeitweise oder endg\u00fcltig einzustellen.<\/p><p><strong>Haftung f\u00fcr Links<\/strong><br>Verweise und Links auf Websites Dritter liegen ausserhalb unseres Verantwortungsbereichs. Es wird jegliche Verantwortung f\u00fcr solche Websites abgelehnt. Wir bem\u00fchen uns aber, Sie beim Verlassen unserer Webseite dar\u00fcber zu informieren, dass die Nutzungsbestimmung und der Datenschutz der Websites Dritter abweichen kann. Der Zugriff und die Nutzung solcher Websites erfolgen auf eigene Gefahr des Nutzers oder der Nutzerin.<\/p><p><strong>Internationale Nutzung<\/strong><br>Die Website der Alfasigma Schweiz AG wird durch die Alfasigma Schweiz AG am Standort Zofingen betrieben, kontrolliert und gepflegt. Die Website ist ausschliesslich f\u00fcr die Nutzung in der Schweiz vorgesehen.<br>Die auf der Website pr\u00e4sentierten Produkte sind unter Umst\u00e4nden nicht in allen L\u00e4ndern oder unter derselben Handelsmarke erh\u00e4ltlich. Je nach Land k\u00f6nnen die Produkte unterschiedlichen rechtlichen Anforderungen unterliegen.<\/p><p><strong>Urheberrechte<\/strong><br>Die Urheber- und alle anderen Rechte an Inhalten, Bildern, Fotos oder anderen Dateien auf der Website geh\u00f6ren ausschliesslich Alfasigma Schweiz AG oder den speziell genannten Rechtsinhabern. F\u00fcr die Reproduktion jeglicher Elemente ist die schriftliche Zustimmung der Urheberrechtstr\u00e4ger im Voraus einzuholen.<\/p><p><strong>Kontakt<\/strong><br>Bei Fragen oder Beschwerden bez\u00fcglich unserer Einhaltung dieser Nutzungs- und Datenschutzerkl\u00e4rung sowie f\u00fcr Empfehlungen oder Anmerkungen zur Verbesserung der Nutzungsbedingungen sowie des Datenschutzes wenden Sie sich bitte per E-Mail an: info.ch@alfasigma.com. <\/p>\t\t\t\t\t\t\t\t<\/div>\n\t\t\t\t<\/div>\n\t\t\t\t\t<\/div>\n\t\t<\/div>\n\t\t\t\t\t<\/div>\n\t\t<\/section>\n\t\t\t\t<\/div>\n\t\t","protected":false},"excerpt":{"rendered":"<p>Der Zugang und die Nutzung dieser Website unterliegen den nachfolgenden Bestimmungen. Mit dem Besuch dieser Webseite stimmen Sie zu, diese Nutzungsbestimmungen zu akzeptieren. Falls Sie mit den Nutzungsbestimmungen nicht einverstanden sind, benutzen Sie bitte diese Webseite nicht mehr. Die Firma Alfasigma beh\u00e4lt sich das Recht vor, ohne Vorank\u00fcndigung Korrekturma\u00dfnahmen zu ergreifen, wenn sie feststellt, dass &hellip; <a href=\"https:\/\/ch.alfasigma.com\/de\/rechtlicher-hinweis\/\">Continued<\/a><\/p>\n","protected":false},"author":1,"featured_media":0,"parent":0,"menu_order":0,"comment_status":"closed","ping_status":"closed","template":"","meta":{"_acf_changed":false,"footnotes":""},"class_list":["post-6108","page","type-page","status-publish","hentry"],"acf":[],"yoast_head":"<!-- This site is optimized with the Yoast SEO plugin v27.3 - https:\/\/yoast.com\/product\/yoast-seo-wordpress\/ -->\n<title>Alfasigma Schweiz - Rechtliche Hinweise<\/title>\n<meta name=\"robots\" content=\"index,follow\" \/>\n<link rel=\"canonical\" href=\"https:\/\/ch.alfasigma.com\/de\/rechtlicher-hinweis\/\" \/>\n<meta property=\"og:locale\" content=\"de_DE\" \/>\n<meta property=\"og:type\" content=\"article\" \/>\n<meta property=\"og:title\" content=\"Alfasigma Schweiz - Rechtliche Hinweise\" \/>\n<meta property=\"og:description\" content=\"Der Zugang und die Nutzung dieser Website unterliegen den nachfolgenden Bestimmungen. Mit dem Besuch dieser Webseite stimmen Sie zu, diese Nutzungsbestimmungen zu akzeptieren. Falls Sie mit den Nutzungsbestimmungen nicht einverstanden sind, benutzen Sie bitte diese Webseite nicht mehr. Die Firma Alfasigma beh\u00e4lt sich das Recht vor, ohne Vorank\u00fcndigung Korrekturma\u00dfnahmen zu ergreifen, wenn sie feststellt, dass &hellip; Continued\" \/>\n<meta property=\"og:url\" content=\"https:\/\/ch.alfasigma.com\/de\/rechtlicher-hinweis\/\" \/>\n<meta property=\"og:site_name\" content=\"Alfasigma Schweiz\" \/>\n<meta property=\"article:modified_time\" content=\"2022-09-06T06:53:40+00:00\" \/>\n<meta name=\"twitter:card\" content=\"summary_large_image\" \/>\n<meta name=\"twitter:label1\" content=\"Gesch\u00e4tzte Lesezeit\" \/>\n\t<meta name=\"twitter:data1\" content=\"3\u00a0Minuten\" \/>\n<script type=\"application\/ld+json\" class=\"yoast-schema-graph\">{\"@context\":\"https:\\\/\\\/schema.org\",\"@graph\":[{\"@type\":\"WebPage\",\"@id\":\"https:\\\/\\\/ch.alfasigma.com\\\/de\\\/rechtlicher-hinweis\\\/\",\"url\":\"https:\\\/\\\/ch.alfasigma.com\\\/de\\\/rechtlicher-hinweis\\\/\",\"name\":\"Alfasigma Schweiz - Rechtliche Hinweise\",\"isPartOf\":{\"@id\":\"https:\\\/\\\/ch.alfasigma.com\\\/de\\\/#website\"},\"datePublished\":\"2020-04-07T13:23:50+00:00\",\"dateModified\":\"2022-09-06T06:53:40+00:00\",\"breadcrumb\":{\"@id\":\"https:\\\/\\\/ch.alfasigma.com\\\/de\\\/rechtlicher-hinweis\\\/#breadcrumb\"},\"inLanguage\":\"de-CH\",\"potentialAction\":[{\"@type\":\"ReadAction\",\"target\":[\"https:\\\/\\\/ch.alfasigma.com\\\/de\\\/rechtlicher-hinweis\\\/\"]}]},{\"@type\":\"BreadcrumbList\",\"@id\":\"https:\\\/\\\/ch.alfasigma.com\\\/de\\\/rechtlicher-hinweis\\\/#breadcrumb\",\"itemListElement\":[{\"@type\":\"ListItem\",\"position\":1,\"name\":\"Home\",\"item\":\"https:\\\/\\\/ch.alfasigma.com\\\/de\\\/\"},{\"@type\":\"ListItem\",\"position\":2,\"name\":\"Rechtliche Hinweise\"}]},{\"@type\":\"WebSite\",\"@id\":\"https:\\\/\\\/ch.alfasigma.com\\\/de\\\/#website\",\"url\":\"https:\\\/\\\/ch.alfasigma.com\\\/de\\\/\",\"name\":\"Alfasigma Schweiz\",\"description\":\"Pharmaceuticals with passion\",\"potentialAction\":[{\"@type\":\"SearchAction\",\"target\":{\"@type\":\"EntryPoint\",\"urlTemplate\":\"https:\\\/\\\/ch.alfasigma.com\\\/de\\\/?s={search_term_string}\"},\"query-input\":{\"@type\":\"PropertyValueSpecification\",\"valueRequired\":true,\"valueName\":\"search_term_string\"}}],\"inLanguage\":\"de-CH\"}]}<\/script>\n<!-- \/ Yoast SEO plugin. -->","yoast_head_json":{"title":"Alfasigma Schweiz - Rechtliche Hinweise","robots":{"index,follow":"index,follow"},"canonical":"https:\/\/ch.alfasigma.com\/de\/rechtlicher-hinweis\/","og_locale":"de_DE","og_type":"article","og_title":"Alfasigma Schweiz - Rechtliche Hinweise","og_description":"Der Zugang und die Nutzung dieser Website unterliegen den nachfolgenden Bestimmungen. Mit dem Besuch dieser Webseite stimmen Sie zu, diese Nutzungsbestimmungen zu akzeptieren. Falls Sie mit den Nutzungsbestimmungen nicht einverstanden sind, benutzen Sie bitte diese Webseite nicht mehr. Die Firma Alfasigma beh\u00e4lt sich das Recht vor, ohne Vorank\u00fcndigung Korrekturma\u00dfnahmen zu ergreifen, wenn sie feststellt, dass &hellip; Continued","og_url":"https:\/\/ch.alfasigma.com\/de\/rechtlicher-hinweis\/","og_site_name":"Alfasigma Schweiz","article_modified_time":"2022-09-06T06:53:40+00:00","twitter_card":"summary_large_image","twitter_misc":{"Gesch\u00e4tzte Lesezeit":"3\u00a0Minuten"},"schema":{"@context":"https:\/\/schema.org","@graph":[{"@type":"WebPage","@id":"https:\/\/ch.alfasigma.com\/de\/rechtlicher-hinweis\/","url":"https:\/\/ch.alfasigma.com\/de\/rechtlicher-hinweis\/","name":"Alfasigma Schweiz - Rechtliche Hinweise","isPartOf":{"@id":"https:\/\/ch.alfasigma.com\/de\/#website"},"datePublished":"2020-04-07T13:23:50+00:00","dateModified":"2022-09-06T06:53:40+00:00","breadcrumb":{"@id":"https:\/\/ch.alfasigma.com\/de\/rechtlicher-hinweis\/#breadcrumb"},"inLanguage":"de-CH","potentialAction":[{"@type":"ReadAction","target":["https:\/\/ch.alfasigma.com\/de\/rechtlicher-hinweis\/"]}]},{"@type":"BreadcrumbList","@id":"https:\/\/ch.alfasigma.com\/de\/rechtlicher-hinweis\/#breadcrumb","itemListElement":[{"@type":"ListItem","position":1,"name":"Home","item":"https:\/\/ch.alfasigma.com\/de\/"},{"@type":"ListItem","position":2,"name":"Rechtliche Hinweise"}]},{"@type":"WebSite","@id":"https:\/\/ch.alfasigma.com\/de\/#website","url":"https:\/\/ch.alfasigma.com\/de\/","name":"Alfasigma Schweiz","description":"Pharmaceuticals with passion","potentialAction":[{"@type":"SearchAction","target":{"@type":"EntryPoint","urlTemplate":"https:\/\/ch.alfasigma.com\/de\/?s={search_term_string}"},"query-input":{"@type":"PropertyValueSpecification","valueRequired":true,"valueName":"search_term_string"}}],"inLanguage":"de-CH"}]}},"_links":{"self":[{"href":"https:\/\/ch.alfasigma.com\/de\/wp-json\/wp\/v2\/pages\/6108","targetHints":{"allow":["GET"]}}],"collection":[{"href":"https:\/\/ch.alfasigma.com\/de\/wp-json\/wp\/v2\/pages"}],"about":[{"href":"https:\/\/ch.alfasigma.com\/de\/wp-json\/wp\/v2\/types\/page"}],"author":[{"embeddable":true,"href":"https:\/\/ch.alfasigma.com\/de\/wp-json\/wp\/v2\/users\/1"}],"replies":[{"embeddable":true,"href":"https:\/\/ch.alfasigma.com\/de\/wp-json\/wp\/v2\/comments?post=6108"}],"version-history":[{"count":0,"href":"https:\/\/ch.alfasigma.com\/de\/wp-json\/wp\/v2\/pages\/6108\/revisions"}],"wp:attachment":[{"href":"https:\/\/ch.alfasigma.com\/de\/wp-json\/wp\/v2\/media?parent=6108"}],"curies":[{"name":"wp","href":"https:\/\/api.w.org\/{rel}","templated":true}]}}