{"id":7272,"date":"2023-03-13T12:25:49","date_gmt":"2023-03-13T12:25:49","guid":{"rendered":"https:\/\/ch.alfasigma.com\/globalen-verhaltenskodexes\/"},"modified":"2025-03-21T14:21:40","modified_gmt":"2025-03-21T14:21:40","slug":"globalen-verhaltenskodexes","status":"publish","type":"page","link":"https:\/\/ch.alfasigma.com\/de\/unser-unternehmen\/ethik-und-transparenz\/globalen-verhaltenskodexes\/","title":{"rendered":"Globalen Verhaltenskodexes"},"content":{"rendered":"\t\t<div data-elementor-type=\"wp-page\" data-elementor-id=\"7272\" class=\"elementor elementor-7272 elementor-7244\" data-elementor-post-type=\"page\">\n\t\t\t\t\t\t<section class=\"elementor-section elementor-top-section elementor-element elementor-element-360767f7 elementor-section-stretched elementor-section-height-min-height elementor-section-items-top elementor-section-boxed elementor-section-height-default\" data-id=\"360767f7\" data-element_type=\"section\" data-e-type=\"section\" data-settings=\"{&quot;stretch_section&quot;:&quot;section-stretched&quot;,&quot;background_background&quot;:&quot;classic&quot;}\">\n\t\t\t\t\t\t\t<div class=\"elementor-background-overlay\"><\/div>\n\t\t\t\t\t\t\t<div class=\"elementor-container elementor-column-gap-default\">\n\t\t\t\t\t<div class=\"elementor-column elementor-col-100 elementor-top-column elementor-element elementor-element-1c027faf\" data-id=\"1c027faf\" data-element_type=\"column\" data-e-type=\"column\">\n\t\t\t<div class=\"elementor-widget-wrap elementor-element-populated\">\n\t\t\t\t\t\t<div class=\"elementor-element elementor-element-1b806151 text-white font-weight-normal elementor-invisible elementor-widget elementor-widget-heading\" data-id=\"1b806151\" data-element_type=\"widget\" data-e-type=\"widget\" data-settings=\"{&quot;_animation&quot;:&quot;slideInLeft&quot;}\" data-widget_type=\"heading.default\">\n\t\t\t\t<div class=\"elementor-widget-container\">\n\t\t\t\t\t<p class=\"elementor-heading-title elementor-size-default\">Unser Unternehmen \/ Ethik und Transparenz \/ Globalen Verhaltenskodexes\n\n<\/p>\t\t\t\t<\/div>\n\t\t\t\t<\/div>\n\t\t\t\t<div class=\"elementor-element elementor-element-1ccc0ab4 text-white elementor-invisible elementor-widget elementor-widget-heading\" data-id=\"1ccc0ab4\" data-element_type=\"widget\" data-e-type=\"widget\" data-settings=\"{&quot;_animation&quot;:&quot;slideInLeft&quot;}\" data-widget_type=\"heading.default\">\n\t\t\t\t<div class=\"elementor-widget-container\">\n\t\t\t\t\t<h1 class=\"elementor-heading-title elementor-size-default\">Integrit\u00e4t, Transparenz, ethische Werte:\nSchl\u00fcsselelemente der Unternehmenskultur von Alfasigma<\/h1>\t\t\t\t<\/div>\n\t\t\t\t<\/div>\n\t\t\t\t\t<\/div>\n\t\t<\/div>\n\t\t\t\t\t<\/div>\n\t\t<\/section>\n\t\t\t\t<section class=\"elementor-section elementor-top-section elementor-element elementor-element-67dcb0f6 elementor-section-boxed elementor-section-height-default elementor-section-height-default\" data-id=\"67dcb0f6\" data-element_type=\"section\" data-e-type=\"section\">\n\t\t\t\t\t\t<div class=\"elementor-container elementor-column-gap-default\">\n\t\t\t\t\t<div class=\"elementor-column elementor-col-100 elementor-top-column elementor-element elementor-element-16269610 elementor-invisible\" data-id=\"16269610\" data-element_type=\"column\" data-e-type=\"column\" data-settings=\"{&quot;animation&quot;:&quot;fadeIn&quot;}\">\n\t\t\t<div class=\"elementor-widget-wrap elementor-element-populated\">\n\t\t\t\t\t\t<div class=\"elementor-element elementor-element-4628fdc9 elementor-widget elementor-widget-text-editor\" data-id=\"4628fdc9\" data-element_type=\"widget\" data-e-type=\"widget\" data-widget_type=\"text-editor.default\">\n\t\t\t\t<div class=\"elementor-widget-container\">\n\t\t\t\t\t\t\t\t\t<p>Unser Ziel ist es, die Gesundheit und Lebensqualit\u00e4t von Patienten, Pflegepersonal und Angeh\u00f6rigen der Gesundheitsberufe zu verbessern. Wir haben die Absicht, dieses Ziel mit \u00e4u\u00dferster Integrit\u00e4t und gem\u00e4\u00df der h\u00f6chsten ethischen Standards zu verfolgen. Aus diesem Grund hat sich Alfasigma verpflichtet, die Umsetzung seiner ethischen Werte durch den Global Code of Conduct zu gew\u00e4hrleisten. Die Grunds\u00e4tze, die in diesem Dokument klar definiert sind, stellen Schl\u00fcsselelemente unserer Unternehmenskultur dar. Sie dienen als Leitfaden f\u00fcr unser t\u00e4gliches Verhalten und liegen jedem Aspekt unseres Gesch\u00e4fts zugrunde. <\/p>\n\t\t\t\t\t\t\t\t<\/div>\n\t\t\t\t<\/div>\n\t\t\t\t\t<\/div>\n\t\t<\/div>\n\t\t\t\t\t<\/div>\n\t\t<\/section>\n\t\t\t\t<section class=\"elementor-section elementor-top-section elementor-element elementor-element-71fce8a8 elementor-section-boxed elementor-section-height-default elementor-section-height-default\" data-id=\"71fce8a8\" data-element_type=\"section\" data-e-type=\"section\">\n\t\t\t\t\t\t<div class=\"elementor-container elementor-column-gap-default\">\n\t\t\t\t\t<div class=\"elementor-column elementor-col-100 elementor-top-column elementor-element elementor-element-15babdae\" data-id=\"15babdae\" data-element_type=\"column\" data-e-type=\"column\">\n\t\t\t<div class=\"elementor-widget-wrap elementor-element-populated\">\n\t\t\t\t\t\t<div class=\"elementor-element elementor-element-16033afc elementor-widget elementor-widget-heading\" data-id=\"16033afc\" data-element_type=\"widget\" data-e-type=\"widget\" data-widget_type=\"heading.default\">\n\t\t\t\t<div class=\"elementor-widget-container\">\n\t\t\t\t\t<h2 class=\"elementor-heading-title elementor-size-default\">Download des Globalen Verhaltenskodexes\n<\/h2>\t\t\t\t<\/div>\n\t\t\t\t<\/div>\n\t\t\t\t<div class=\"elementor-element elementor-element-7d55d86b elementor-align-start elementor-icon-list--layout-traditional elementor-list-item-link-full_width elementor-widget elementor-widget-icon-list\" data-id=\"7d55d86b\" data-element_type=\"widget\" data-e-type=\"widget\" data-widget_type=\"icon-list.default\">\n\t\t\t\t<div class=\"elementor-widget-container\">\n\t\t\t\t\t\t\t<ul class=\"elementor-icon-list-items\">\n\t\t\t\t\t\t\t<li class=\"elementor-icon-list-item\">\n\t\t\t\t\t\t\t\t\t\t\t<a href=\"https:\/\/ch.alfasigma.com\/wp-content\/uploads\/2023\/03\/DE_Global-Code-of-Conduct_final.pdf\">\n\n\t\t\t\t\t\t\t\t\t\t\t\t<span class=\"elementor-icon-list-icon\">\n\t\t\t\t\t\t\t<svg xmlns=\"http:\/\/www.w3.org\/2000\/svg\" xmlns:xlink=\"http:\/\/www.w3.org\/1999\/xlink\" x=\"0px\" y=\"0px\" viewBox=\"0 0 20 18.005\" xml:space=\"preserve\"><g id=\"guides\"><\/g><g id=\"close\"><\/g><g id=\"arrow_right\"><\/g><g id=\"arrow_left\"><\/g><g id=\"left_bent_arrow\"><\/g><g id=\"right_bent_arrow\"><\/g><g id=\"check\"><\/g><g id=\"checkbox\"><\/g><g id=\"downward_indicator\"><\/g><g id=\"upward_indicator\"><\/g><g id=\"circle\"><\/g><g id=\"heart\"><\/g><g id=\"download\">\t<g id=\"icon_9_\">\t\t<path fill=\"#231F20\" d=\"M10.001,13c-0.256,0-0.512-0.098-0.707-0.294L6.296,9.704C5.906,9.313,5.907,8.68,6.298,8.29    C6.688,7.9,7.321,7.9,7.712,8.291l2.291,2.295l2.295-2.291c0.391-0.39,1.024-0.39,1.414,0.001c0.39,0.391,0.39,1.024-0.001,1.414    l-3.002,2.998C10.513,12.903,10.257,13,10.001,13z\"><\/path>\t\t<path fill=\"#231F20\" d=\"M15.997,18.005l-12-0.01C1.791,17.993-0.002,16.198,0,13.992c0-0.552,0.449-1,1.001-0.999    S2,13.441,2,13.994c-0.001,1.103,0.895,2.001,1.998,2.002l12,0.01c1.103,0.001,2.001-0.895,2.002-1.998    c0-0.552,0.449-1,1.001-0.999c0.552,0,1,0.449,0.999,1.001C19.998,16.214,18.202,18.007,15.997,18.005z\"><\/path>\t\t<path fill=\"#231F20\" d=\"M10.014,11c-0.552,0-1-0.449-0.999-1.001l0.007-9c0-0.552,0.449-1,1.001-0.999    c0.552,0,1,0.449,0.999,1.001l-0.007,9C11.014,10.553,10.566,11,10.014,11z\"><\/path>\t<\/g><\/g><g id=\"upload\"><\/g><g id=\"search\"><\/g><g id=\"settings\"><\/g><g id=\"revert\"><\/g><g id=\"refresh\"><\/g><g id=\"exit\"><\/g><g id=\"expand\"><\/g><g id=\"map_pointer\"><\/g><g id=\"flag\"><\/g><g id=\"bookmarked\"><\/g><g id=\"star\"><\/g><g id=\"email\"><\/g><g id=\"seen_email\"><\/g><g id=\"comment\"><\/g><g id=\"conversation\"><\/g><g id=\"send\"><\/g><g id=\"menu\"><\/g><g id=\"list\"><\/g><g id=\"plus\"><\/g><g id=\"minus\"><\/g><g id=\"copy\"><\/g><g id=\"delete\"><\/g><g id=\"scissors\"><\/g><g id=\"panes\"><\/g><g id=\"blocks\"><\/g><g id=\"write_in\"><\/g><g id=\"edit\"><\/g><g id=\"text_edit\"><\/g><g id=\"sign\"><\/g><g id=\"folder\"><\/g><g id=\"drawer\"><\/g><g id=\"file\"><\/g><g id=\"written_out_paper\"><\/g><g id=\"attach_file\"><\/g><g id=\"substract_file\"><\/g><g id=\"image\"><\/g><g id=\"add_media_file\"><\/g><g id=\"delete_media_file\"><\/g><g id=\"user\"><\/g><g id=\"users\"><\/g><g id=\"home\"><\/g><g id=\"merchant\"><\/g><g id=\"institution\"><\/g><g id=\"support\"><\/g><g id=\"support_manager\"><\/g><g id=\"time\"><\/g><g id=\"cloud\"><\/g><g id=\"cloud_sync\"><\/g><g id=\"basket\"><\/g><g id=\"cart\"><\/g><g id=\"calendar\"><\/g><g id=\"coin\"><\/g><g id=\"bill\"><\/g><g id=\"tag\"><\/g><g id=\"card\"><\/g><g id=\"link\"><\/g><g id=\"contact\"><\/g><g id=\"bars\"><\/g><\/svg>\t\t\t\t\t\t<\/span>\n\t\t\t\t\t\t\t\t\t\t<span class=\"elementor-icon-list-text\">Globalen Verhaltenskodexes - 12 MB<\/span>\n\t\t\t\t\t\t\t\t\t\t\t<\/a>\n\t\t\t\t\t\t\t\t\t<\/li>\n\t\t\t\t\t\t<\/ul>\n\t\t\t\t\t\t<\/div>\n\t\t\t\t<\/div>\n\t\t\t\t\t<\/div>\n\t\t<\/div>\n\t\t\t\t\t<\/div>\n\t\t<\/section>\n\t\t\t\t<section class=\"elementor-section elementor-top-section elementor-element elementor-element-172abb14 bg-primary elementor-section-boxed elementor-section-height-default elementor-section-height-default\" data-id=\"172abb14\" data-element_type=\"section\" data-e-type=\"section\">\n\t\t\t\t\t\t<div class=\"elementor-container elementor-column-gap-extended\">\n\t\t\t\t\t<div class=\"elementor-column elementor-col-100 elementor-top-column elementor-element elementor-element-4e8f8bfe elementor-invisible\" data-id=\"4e8f8bfe\" data-element_type=\"column\" data-e-type=\"column\" data-settings=\"{&quot;animation&quot;:&quot;fadeIn&quot;}\">\n\t\t\t<div class=\"elementor-widget-wrap elementor-element-populated\">\n\t\t\t\t\t\t<div class=\"elementor-element elementor-element-78742824 elementor-widget elementor-widget-heading\" data-id=\"78742824\" data-element_type=\"widget\" data-e-type=\"widget\" data-widget_type=\"heading.default\">\n\t\t\t\t<div class=\"elementor-widget-container\">\n\t\t\t\t\t<h3 class=\"elementor-heading-title elementor-size-default\">Finde mehr heraus<\/h3>\t\t\t\t<\/div>\n\t\t\t\t<\/div>\n\t\t\t\t\t<\/div>\n\t\t<\/div>\n\t\t\t\t\t<\/div>\n\t\t<\/section>\n\t\t\t\t<section class=\"elementor-section elementor-top-section elementor-element elementor-element-ab160d8 bg-primary elementor-section-boxed elementor-section-height-default elementor-section-height-default\" data-id=\"ab160d8\" data-element_type=\"section\" data-e-type=\"section\" data-settings=\"{&quot;animation&quot;:&quot;none&quot;}\">\n\t\t\t\t\t\t<div class=\"elementor-container elementor-column-gap-extended\">\n\t\t\t\t\t<div class=\"elementor-column elementor-col-33 elementor-top-column elementor-element elementor-element-0a78f26 elementor-invisible\" data-id=\"0a78f26\" data-element_type=\"column\" data-e-type=\"column\" data-settings=\"{&quot;animation&quot;:&quot;zoomIn&quot;}\">\n\t\t\t<div class=\"elementor-widget-wrap elementor-element-populated\">\n\t\t\t\t\t\t<div class=\"elementor-element elementor-element-b033e22 elementor-cta--skin-classic elementor-animated-content elementor-bg-transform elementor-bg-transform-zoom-in elementor-widget elementor-widget-call-to-action\" data-id=\"b033e22\" data-element_type=\"widget\" data-e-type=\"widget\" data-widget_type=\"call-to-action.default\">\n\t\t\t\t<div class=\"elementor-widget-container\">\n\t\t\t\t\t\t\t<a class=\"elementor-cta\" href=\"https:\/\/ch.alfasigma.com\/de\/unsere-produkte\/\">\n\t\t\t\t\t<div class=\"elementor-cta__bg-wrapper\">\n\t\t\t\t<div class=\"elementor-cta__bg elementor-bg\" style=\"background-image: url(https:\/\/ch.alfasigma.com\/wp-content\/uploads\/2022\/05\/product-list-alfasigma.jpg);\" role=\"img\" aria-label=\"product-list-alfasigma\"><\/div>\n\t\t\t\t<div class=\"elementor-cta__bg-overlay\"><\/div>\n\t\t\t<\/div>\n\t\t\t\t\t\t\t\t<\/a>\n\t\t\t\t\t\t<\/div>\n\t\t\t\t<\/div>\n\t\t\t\t<div class=\"elementor-element elementor-element-652379b elementor-widget elementor-widget-heading\" data-id=\"652379b\" data-element_type=\"widget\" data-e-type=\"widget\" data-widget_type=\"heading.default\">\n\t\t\t\t<div class=\"elementor-widget-container\">\n\t\t\t\t\t<h4 class=\"elementor-heading-title elementor-size-default\"><a href=\"https:\/\/ch.alfasigma.com\/de\/unsere-produkte\/\">Unsere Produkte<\/a><\/h4>\t\t\t\t<\/div>\n\t\t\t\t<\/div>\n\t\t\t\t<div class=\"elementor-element elementor-element-a19f64e elementor-widget elementor-widget-text-editor\" data-id=\"a19f64e\" data-element_type=\"widget\" data-e-type=\"widget\" data-widget_type=\"text-editor.default\">\n\t\t\t\t<div class=\"elementor-widget-container\">\n\t\t\t\t\t\t\t\t\t<p>Alfasigma hat ein breites Produktportfolio, das verschiedene Pathologien behandelt. <\/p>\n\t\t\t\t\t\t\t\t<\/div>\n\t\t\t\t<\/div>\n\t\t\t\t\t<\/div>\n\t\t<\/div>\n\t\t\t\t<div class=\"elementor-column elementor-col-33 elementor-top-column elementor-element elementor-element-a4763ac elementor-invisible\" data-id=\"a4763ac\" data-element_type=\"column\" data-e-type=\"column\" data-settings=\"{&quot;animation&quot;:&quot;zoomIn&quot;}\">\n\t\t\t<div class=\"elementor-widget-wrap elementor-element-populated\">\n\t\t\t\t\t\t<div class=\"elementor-element elementor-element-7645b6e elementor-cta--skin-classic elementor-animated-content elementor-bg-transform elementor-bg-transform-zoom-in elementor-widget elementor-widget-call-to-action\" data-id=\"7645b6e\" data-element_type=\"widget\" data-e-type=\"widget\" data-widget_type=\"call-to-action.default\">\n\t\t\t\t<div class=\"elementor-widget-container\">\n\t\t\t\t\t\t\t<a class=\"elementor-cta\" href=\"https:\/\/ch.alfasigma.com\/de\/unser-unternehmen\/pharmakovigilanz\/\">\n\t\t\t\t\t<div class=\"elementor-cta__bg-wrapper\">\n\t\t\t\t<div class=\"elementor-cta__bg elementor-bg\" style=\"background-image: url(https:\/\/ch.alfasigma.com\/wp-content\/uploads\/2020\/05\/pharmacovigilance-alfasigma.jpg);\" role=\"img\" aria-label=\"pharmacovigilance-alfasigma\"><\/div>\n\t\t\t\t<div class=\"elementor-cta__bg-overlay\"><\/div>\n\t\t\t<\/div>\n\t\t\t\t\t\t\t\t<\/a>\n\t\t\t\t\t\t<\/div>\n\t\t\t\t<\/div>\n\t\t\t\t<div class=\"elementor-element elementor-element-81f474a elementor-widget elementor-widget-heading\" data-id=\"81f474a\" data-element_type=\"widget\" data-e-type=\"widget\" data-widget_type=\"heading.default\">\n\t\t\t\t<div class=\"elementor-widget-container\">\n\t\t\t\t\t<h4 class=\"elementor-heading-title elementor-size-default\"><a href=\"https:\/\/ch.alfasigma.com\/de\/unser-unternehmen\/pharmakovigilanz\/\">Pharmakovigilanz<\/a><\/h4>\t\t\t\t<\/div>\n\t\t\t\t<\/div>\n\t\t\t\t<div class=\"elementor-element elementor-element-a4b422a elementor-widget elementor-widget-text-editor\" data-id=\"a4b422a\" data-element_type=\"widget\" data-e-type=\"widget\" data-widget_type=\"text-editor.default\">\n\t\t\t\t<div class=\"elementor-widget-container\">\n\t\t\t\t\t\t\t\t\t<p>Die Meldung eines unerw\u00fcnschten Ereignisses ist wichtig, um die Patienten, die das Arzneimittel einnehmen, zu sch\u00fctzen und ein vorteilhaftes Nutzen-Risiko-Verh\u00e4ltnis f\u00fcr die Bev\u00f6lkerung zu gew\u00e4hrleisten. <\/p>\n\t\t\t\t\t\t\t\t<\/div>\n\t\t\t\t<\/div>\n\t\t\t\t\t<\/div>\n\t\t<\/div>\n\t\t\t\t<div class=\"elementor-column elementor-col-33 elementor-top-column elementor-element elementor-element-17a0a86 elementor-invisible\" data-id=\"17a0a86\" data-element_type=\"column\" data-e-type=\"column\" data-settings=\"{&quot;animation&quot;:&quot;zoomIn&quot;}\">\n\t\t\t<div class=\"elementor-widget-wrap\">\n\t\t\t\t\t\t\t<\/div>\n\t\t<\/div>\n\t\t\t\t\t<\/div>\n\t\t<\/section>\n\t\t\t\t<\/div>\n\t\t","protected":false},"excerpt":{"rendered":"<p>Unser Unternehmen \/ Ethik und Transparenz \/ Globalen Verhaltenskodexes Integrit\u00e4t, Transparenz, ethische Werte: Schl\u00fcsselelemente der Unternehmenskultur von Alfasigma Unser Ziel ist es, die Gesundheit und Lebensqualit\u00e4t von Patienten, Pflegepersonal und Angeh\u00f6rigen der Gesundheitsberufe zu verbessern. Wir haben die Absicht, dieses Ziel mit \u00e4u\u00dferster Integrit\u00e4t und gem\u00e4\u00df der h\u00f6chsten ethischen Standards zu verfolgen. Aus diesem Grund &hellip; <a href=\"https:\/\/ch.alfasigma.com\/de\/unser-unternehmen\/ethik-und-transparenz\/globalen-verhaltenskodexes\/\">Continued<\/a><\/p>\n","protected":false},"author":1,"featured_media":4668,"parent":7305,"menu_order":0,"comment_status":"closed","ping_status":"closed","template":"","meta":{"_acf_changed":false,"footnotes":""},"class_list":["post-7272","page","type-page","status-publish","has-post-thumbnail","hentry"],"acf":[],"yoast_head":"<!-- This site is optimized with the Yoast SEO plugin v27.3 - https:\/\/yoast.com\/product\/yoast-seo-wordpress\/ -->\n<title>Alfasigma Schweiz - Globalen Verhaltenskodexes<\/title>\n<meta name=\"robots\" content=\"index,follow\" \/>\n<link rel=\"canonical\" href=\"https:\/\/ch.alfasigma.com\/de\/unser-unternehmen\/ethik-und-transparenz\/globalen-verhaltenskodexes\/\" \/>\n<meta property=\"og:locale\" content=\"de_DE\" \/>\n<meta property=\"og:type\" content=\"article\" \/>\n<meta property=\"og:title\" content=\"Alfasigma Schweiz - Globalen Verhaltenskodexes\" \/>\n<meta property=\"og:description\" content=\"Unser Unternehmen \/ Ethik und Transparenz \/ Globalen Verhaltenskodexes Integrit\u00e4t, Transparenz, ethische Werte: Schl\u00fcsselelemente der Unternehmenskultur von Alfasigma Unser Ziel ist es, die Gesundheit und Lebensqualit\u00e4t von Patienten, Pflegepersonal und Angeh\u00f6rigen der Gesundheitsberufe zu verbessern. Wir haben die Absicht, dieses Ziel mit \u00e4u\u00dferster Integrit\u00e4t und gem\u00e4\u00df der h\u00f6chsten ethischen Standards zu verfolgen. Aus diesem Grund &hellip; Continued\" \/>\n<meta property=\"og:url\" content=\"https:\/\/ch.alfasigma.com\/de\/unser-unternehmen\/ethik-und-transparenz\/globalen-verhaltenskodexes\/\" \/>\n<meta property=\"og:site_name\" content=\"Alfasigma Schweiz\" \/>\n<meta property=\"article:modified_time\" content=\"2025-03-21T14:21:40+00:00\" \/>\n<meta property=\"og:image\" content=\"https:\/\/ch.alfasigma.com\/wp-content\/uploads\/2020\/04\/ethics-transparency-alfasigma.jpg\" \/>\n\t<meta property=\"og:image:width\" content=\"1920\" \/>\n\t<meta property=\"og:image:height\" content=\"1280\" \/>\n\t<meta property=\"og:image:type\" content=\"image\/jpeg\" \/>\n<meta name=\"twitter:card\" content=\"summary_large_image\" \/>\n<meta name=\"twitter:label1\" content=\"Gesch\u00e4tzte Lesezeit\" \/>\n\t<meta name=\"twitter:data1\" content=\"1\u00a0Minute\" \/>\n<script type=\"application\/ld+json\" class=\"yoast-schema-graph\">{\"@context\":\"https:\\\/\\\/schema.org\",\"@graph\":[{\"@type\":\"WebPage\",\"@id\":\"https:\\\/\\\/ch.alfasigma.com\\\/de\\\/unser-unternehmen\\\/ethik-und-transparenz\\\/globalen-verhaltenskodexes\\\/\",\"url\":\"https:\\\/\\\/ch.alfasigma.com\\\/de\\\/unser-unternehmen\\\/ethik-und-transparenz\\\/globalen-verhaltenskodexes\\\/\",\"name\":\"Alfasigma Schweiz - Globalen Verhaltenskodexes\",\"isPartOf\":{\"@id\":\"https:\\\/\\\/ch.alfasigma.com\\\/de\\\/#website\"},\"primaryImageOfPage\":{\"@id\":\"https:\\\/\\\/ch.alfasigma.com\\\/de\\\/unser-unternehmen\\\/ethik-und-transparenz\\\/globalen-verhaltenskodexes\\\/#primaryimage\"},\"image\":{\"@id\":\"https:\\\/\\\/ch.alfasigma.com\\\/de\\\/unser-unternehmen\\\/ethik-und-transparenz\\\/globalen-verhaltenskodexes\\\/#primaryimage\"},\"thumbnailUrl\":\"https:\\\/\\\/ch.alfasigma.com\\\/wp-content\\\/uploads\\\/2020\\\/04\\\/ethics-transparency-alfasigma.jpg\",\"datePublished\":\"2023-03-13T12:25:49+00:00\",\"dateModified\":\"2025-03-21T14:21:40+00:00\",\"breadcrumb\":{\"@id\":\"https:\\\/\\\/ch.alfasigma.com\\\/de\\\/unser-unternehmen\\\/ethik-und-transparenz\\\/globalen-verhaltenskodexes\\\/#breadcrumb\"},\"inLanguage\":\"de-CH\",\"potentialAction\":[{\"@type\":\"ReadAction\",\"target\":[\"https:\\\/\\\/ch.alfasigma.com\\\/de\\\/unser-unternehmen\\\/ethik-und-transparenz\\\/globalen-verhaltenskodexes\\\/\"]}]},{\"@type\":\"ImageObject\",\"inLanguage\":\"de-CH\",\"@id\":\"https:\\\/\\\/ch.alfasigma.com\\\/de\\\/unser-unternehmen\\\/ethik-und-transparenz\\\/globalen-verhaltenskodexes\\\/#primaryimage\",\"url\":\"https:\\\/\\\/ch.alfasigma.com\\\/wp-content\\\/uploads\\\/2020\\\/04\\\/ethics-transparency-alfasigma.jpg\",\"contentUrl\":\"https:\\\/\\\/ch.alfasigma.com\\\/wp-content\\\/uploads\\\/2020\\\/04\\\/ethics-transparency-alfasigma.jpg\",\"width\":1920,\"height\":1280},{\"@type\":\"BreadcrumbList\",\"@id\":\"https:\\\/\\\/ch.alfasigma.com\\\/de\\\/unser-unternehmen\\\/ethik-und-transparenz\\\/globalen-verhaltenskodexes\\\/#breadcrumb\",\"itemListElement\":[{\"@type\":\"ListItem\",\"position\":1,\"name\":\"Home\",\"item\":\"https:\\\/\\\/ch.alfasigma.com\\\/de\\\/\"},{\"@type\":\"ListItem\",\"position\":2,\"name\":\"Unser Unternehmen\",\"item\":\"https:\\\/\\\/ch.alfasigma.com\\\/de\\\/unser-unternehmen\\\/\"},{\"@type\":\"ListItem\",\"position\":3,\"name\":\"Ethik und Transparenz\",\"item\":\"https:\\\/\\\/ch.alfasigma.com\\\/de\\\/unser-unternehmen\\\/ethik-und-transparenz\\\/\"},{\"@type\":\"ListItem\",\"position\":4,\"name\":\"Globalen Verhaltenskodexes\"}]},{\"@type\":\"WebSite\",\"@id\":\"https:\\\/\\\/ch.alfasigma.com\\\/de\\\/#website\",\"url\":\"https:\\\/\\\/ch.alfasigma.com\\\/de\\\/\",\"name\":\"Alfasigma Schweiz\",\"description\":\"Pharmaceuticals with passion\",\"potentialAction\":[{\"@type\":\"SearchAction\",\"target\":{\"@type\":\"EntryPoint\",\"urlTemplate\":\"https:\\\/\\\/ch.alfasigma.com\\\/de\\\/?s={search_term_string}\"},\"query-input\":{\"@type\":\"PropertyValueSpecification\",\"valueRequired\":true,\"valueName\":\"search_term_string\"}}],\"inLanguage\":\"de-CH\"}]}<\/script>\n<!-- \/ Yoast SEO plugin. -->","yoast_head_json":{"title":"Alfasigma Schweiz - Globalen Verhaltenskodexes","robots":{"index,follow":"index,follow"},"canonical":"https:\/\/ch.alfasigma.com\/de\/unser-unternehmen\/ethik-und-transparenz\/globalen-verhaltenskodexes\/","og_locale":"de_DE","og_type":"article","og_title":"Alfasigma Schweiz - Globalen Verhaltenskodexes","og_description":"Unser Unternehmen \/ Ethik und Transparenz \/ Globalen Verhaltenskodexes Integrit\u00e4t, Transparenz, ethische Werte: Schl\u00fcsselelemente der Unternehmenskultur von Alfasigma Unser Ziel ist es, die Gesundheit und Lebensqualit\u00e4t von Patienten, Pflegepersonal und Angeh\u00f6rigen der Gesundheitsberufe zu verbessern. Wir haben die Absicht, dieses Ziel mit \u00e4u\u00dferster Integrit\u00e4t und gem\u00e4\u00df der h\u00f6chsten ethischen Standards zu verfolgen. Aus diesem Grund &hellip; Continued","og_url":"https:\/\/ch.alfasigma.com\/de\/unser-unternehmen\/ethik-und-transparenz\/globalen-verhaltenskodexes\/","og_site_name":"Alfasigma Schweiz","article_modified_time":"2025-03-21T14:21:40+00:00","og_image":[{"width":1920,"height":1280,"url":"https:\/\/ch.alfasigma.com\/wp-content\/uploads\/2020\/04\/ethics-transparency-alfasigma.jpg","type":"image\/jpeg"}],"twitter_card":"summary_large_image","twitter_misc":{"Gesch\u00e4tzte Lesezeit":"1\u00a0Minute"},"schema":{"@context":"https:\/\/schema.org","@graph":[{"@type":"WebPage","@id":"https:\/\/ch.alfasigma.com\/de\/unser-unternehmen\/ethik-und-transparenz\/globalen-verhaltenskodexes\/","url":"https:\/\/ch.alfasigma.com\/de\/unser-unternehmen\/ethik-und-transparenz\/globalen-verhaltenskodexes\/","name":"Alfasigma Schweiz - Globalen Verhaltenskodexes","isPartOf":{"@id":"https:\/\/ch.alfasigma.com\/de\/#website"},"primaryImageOfPage":{"@id":"https:\/\/ch.alfasigma.com\/de\/unser-unternehmen\/ethik-und-transparenz\/globalen-verhaltenskodexes\/#primaryimage"},"image":{"@id":"https:\/\/ch.alfasigma.com\/de\/unser-unternehmen\/ethik-und-transparenz\/globalen-verhaltenskodexes\/#primaryimage"},"thumbnailUrl":"https:\/\/ch.alfasigma.com\/wp-content\/uploads\/2020\/04\/ethics-transparency-alfasigma.jpg","datePublished":"2023-03-13T12:25:49+00:00","dateModified":"2025-03-21T14:21:40+00:00","breadcrumb":{"@id":"https:\/\/ch.alfasigma.com\/de\/unser-unternehmen\/ethik-und-transparenz\/globalen-verhaltenskodexes\/#breadcrumb"},"inLanguage":"de-CH","potentialAction":[{"@type":"ReadAction","target":["https:\/\/ch.alfasigma.com\/de\/unser-unternehmen\/ethik-und-transparenz\/globalen-verhaltenskodexes\/"]}]},{"@type":"ImageObject","inLanguage":"de-CH","@id":"https:\/\/ch.alfasigma.com\/de\/unser-unternehmen\/ethik-und-transparenz\/globalen-verhaltenskodexes\/#primaryimage","url":"https:\/\/ch.alfasigma.com\/wp-content\/uploads\/2020\/04\/ethics-transparency-alfasigma.jpg","contentUrl":"https:\/\/ch.alfasigma.com\/wp-content\/uploads\/2020\/04\/ethics-transparency-alfasigma.jpg","width":1920,"height":1280},{"@type":"BreadcrumbList","@id":"https:\/\/ch.alfasigma.com\/de\/unser-unternehmen\/ethik-und-transparenz\/globalen-verhaltenskodexes\/#breadcrumb","itemListElement":[{"@type":"ListItem","position":1,"name":"Home","item":"https:\/\/ch.alfasigma.com\/de\/"},{"@type":"ListItem","position":2,"name":"Unser Unternehmen","item":"https:\/\/ch.alfasigma.com\/de\/unser-unternehmen\/"},{"@type":"ListItem","position":3,"name":"Ethik und Transparenz","item":"https:\/\/ch.alfasigma.com\/de\/unser-unternehmen\/ethik-und-transparenz\/"},{"@type":"ListItem","position":4,"name":"Globalen Verhaltenskodexes"}]},{"@type":"WebSite","@id":"https:\/\/ch.alfasigma.com\/de\/#website","url":"https:\/\/ch.alfasigma.com\/de\/","name":"Alfasigma Schweiz","description":"Pharmaceuticals with passion","potentialAction":[{"@type":"SearchAction","target":{"@type":"EntryPoint","urlTemplate":"https:\/\/ch.alfasigma.com\/de\/?s={search_term_string}"},"query-input":{"@type":"PropertyValueSpecification","valueRequired":true,"valueName":"search_term_string"}}],"inLanguage":"de-CH"}]}},"_links":{"self":[{"href":"https:\/\/ch.alfasigma.com\/de\/wp-json\/wp\/v2\/pages\/7272","targetHints":{"allow":["GET"]}}],"collection":[{"href":"https:\/\/ch.alfasigma.com\/de\/wp-json\/wp\/v2\/pages"}],"about":[{"href":"https:\/\/ch.alfasigma.com\/de\/wp-json\/wp\/v2\/types\/page"}],"author":[{"embeddable":true,"href":"https:\/\/ch.alfasigma.com\/de\/wp-json\/wp\/v2\/users\/1"}],"replies":[{"embeddable":true,"href":"https:\/\/ch.alfasigma.com\/de\/wp-json\/wp\/v2\/comments?post=7272"}],"version-history":[{"count":3,"href":"https:\/\/ch.alfasigma.com\/de\/wp-json\/wp\/v2\/pages\/7272\/revisions"}],"predecessor-version":[{"id":7831,"href":"https:\/\/ch.alfasigma.com\/de\/wp-json\/wp\/v2\/pages\/7272\/revisions\/7831"}],"up":[{"embeddable":true,"href":"https:\/\/ch.alfasigma.com\/de\/wp-json\/wp\/v2\/pages\/7305"}],"wp:featuredmedia":[{"embeddable":true,"href":"https:\/\/ch.alfasigma.com\/de\/wp-json\/wp\/v2\/media\/4668"}],"wp:attachment":[{"href":"https:\/\/ch.alfasigma.com\/de\/wp-json\/wp\/v2\/media?parent=7272"}],"curies":[{"name":"wp","href":"https:\/\/api.w.org\/{rel}","templated":true}]}}