{"id":7526,"date":"2023-11-24T17:14:39","date_gmt":"2023-11-24T17:14:39","guid":{"rendered":"https:\/\/ch.alfasigma.com\/?page_id=7526"},"modified":"2025-10-10T14:16:25","modified_gmt":"2025-10-10T14:16:25","slug":"whistleblowing-system","status":"publish","type":"page","link":"https:\/\/ch.alfasigma.com\/de\/unser-unternehmen\/ethik-und-transparenz\/whistleblowing-system\/","title":{"rendered":"Whistleblowing-System"},"content":{"rendered":"\t\t<div data-elementor-type=\"wp-page\" data-elementor-id=\"7526\" class=\"elementor elementor-7526 elementor-7494\" data-elementor-post-type=\"page\">\n\t\t\t\t\t\t<section class=\"elementor-section elementor-top-section elementor-element elementor-element-2c741c elementor-section-stretched elementor-section-height-min-height elementor-section-items-top elementor-section-boxed elementor-section-height-default\" data-id=\"2c741c\" data-element_type=\"section\" data-e-type=\"section\" data-settings=\"{&quot;stretch_section&quot;:&quot;section-stretched&quot;,&quot;background_background&quot;:&quot;classic&quot;}\">\n\t\t\t\t\t\t<div class=\"elementor-container elementor-column-gap-default\">\n\t\t\t\t\t<div class=\"elementor-column elementor-col-100 elementor-top-column elementor-element elementor-element-581ab961\" data-id=\"581ab961\" data-element_type=\"column\" data-e-type=\"column\">\n\t\t\t<div class=\"elementor-widget-wrap elementor-element-populated\">\n\t\t\t\t\t\t<div class=\"elementor-element elementor-element-18d63843 text-white font-weight-normal elementor-invisible elementor-widget elementor-widget-heading\" data-id=\"18d63843\" data-element_type=\"widget\" data-e-type=\"widget\" data-settings=\"{&quot;_animation&quot;:&quot;slideInLeft&quot;}\" data-widget_type=\"heading.default\">\n\t\t\t\t<div class=\"elementor-widget-container\">\n\t\t\t\t\t<p class=\"elementor-heading-title elementor-size-default\">\u00dcber uns \/ Ethik und Transparenz \/ Speak Up\n<\/p>\t\t\t\t<\/div>\n\t\t\t\t<\/div>\n\t\t\t\t<div class=\"elementor-element elementor-element-13a7ab6d text-white elementor-invisible elementor-widget elementor-widget-heading\" data-id=\"13a7ab6d\" data-element_type=\"widget\" data-e-type=\"widget\" data-settings=\"{&quot;_animation&quot;:&quot;slideInLeft&quot;}\" data-widget_type=\"heading.default\">\n\t\t\t\t<div class=\"elementor-widget-container\">\n\t\t\t\t\t<h1 class=\"elementor-heading-title elementor-size-large\">Speak Up<\/h1>\t\t\t\t<\/div>\n\t\t\t\t<\/div>\n\t\t\t\t\t<\/div>\n\t\t<\/div>\n\t\t\t\t\t<\/div>\n\t\t<\/section>\n\t\t\t\t<section class=\"elementor-section elementor-top-section elementor-element elementor-element-2569cb37 elementor-section-boxed elementor-section-height-default elementor-section-height-default\" data-id=\"2569cb37\" data-element_type=\"section\" data-e-type=\"section\">\n\t\t\t\t\t\t<div class=\"elementor-container elementor-column-gap-default\">\n\t\t\t\t\t<div class=\"elementor-column elementor-col-100 elementor-top-column elementor-element elementor-element-6455eaea\" data-id=\"6455eaea\" data-element_type=\"column\" data-e-type=\"column\">\n\t\t\t<div class=\"elementor-widget-wrap elementor-element-populated\">\n\t\t\t\t\t\t<div class=\"elementor-element elementor-element-324f9f00 elementor-widget elementor-widget-text-editor\" data-id=\"324f9f00\" data-element_type=\"widget\" data-e-type=\"widget\" data-widget_type=\"text-editor.default\">\n\t\t\t\t<div class=\"elementor-widget-container\">\n\t\t\t\t\t\t\t\t\t<p class=\"s3\"><span class=\"s2\">Wir bei Alfasigma f\u00f6rdern eine Arbeitsatmosph\u00e4re, die jeden Einzelnen ermutigt, seine Meinung, Ideen und Bedenken ohne Angst vor Vergeltungsma\u00dfnahmen zu \u00e4u\u00dfern.<\/span><\/p>\n<p class=\"s3\"><span class=\"s2\">Um dies zu unterst\u00fctzen, haben wir ein \"Speak Up\" Meldesystem eingef\u00fchrt, das es erm\u00f6glicht, auf jedes Tun oder Unterlassen hinzuweisen, welches entweder gegen Gesetze und Vorschriften oder unseren Globalen Verhaltenskodex versto\u00dfen.<\/span><\/p>\n<p class=\"s3\">Alle Mitarbeiter (einschlie\u00dflich Auszubildende, Manager und Direktoren), Unternehmensorgane (wie z.B. die Hauptversammlung, der Vorstand und der Aufsichtsrat) und Dritte, die mit Alfasigma zu tun haben, k\u00f6nnen Berichte einreichen.<\/p>\t\t\t\t\t\t\t\t<\/div>\n\t\t\t\t<\/div>\n\t\t\t\t\t<\/div>\n\t\t<\/div>\n\t\t\t\t\t<\/div>\n\t\t<\/section>\n\t\t\t\t<section class=\"elementor-section elementor-top-section elementor-element elementor-element-522a0f1b elementor-section-boxed elementor-section-height-default elementor-section-height-default\" data-id=\"522a0f1b\" data-element_type=\"section\" data-e-type=\"section\">\n\t\t\t\t\t\t<div class=\"elementor-container elementor-column-gap-default\">\n\t\t\t\t\t<div class=\"elementor-column elementor-col-50 elementor-top-column elementor-element elementor-element-1aac964c\" data-id=\"1aac964c\" data-element_type=\"column\" data-e-type=\"column\">\n\t\t\t<div class=\"elementor-widget-wrap elementor-element-populated\">\n\t\t\t\t\t\t<div class=\"elementor-element elementor-element-622aab69 elementor-widget elementor-widget-image\" data-id=\"622aab69\" data-element_type=\"widget\" data-e-type=\"widget\" data-widget_type=\"image.default\">\n\t\t\t\t<div class=\"elementor-widget-container\">\n\t\t\t\t\t\t\t\t\t\t\t\t\t\t\t<img fetchpriority=\"high\" decoding=\"async\" width=\"1500\" height=\"274\" src=\"https:\/\/ch.alfasigma.com\/wp-content\/uploads\/2023\/11\/ethicsaline.png\" class=\"attachment-full size-full wp-image-7501\" alt=\"\" srcset=\"https:\/\/ch.alfasigma.com\/wp-content\/uploads\/2023\/11\/ethicsaline.png 1500w, https:\/\/ch.alfasigma.com\/wp-content\/uploads\/2023\/11\/ethicsaline-300x55.png 300w, https:\/\/ch.alfasigma.com\/wp-content\/uploads\/2023\/11\/ethicsaline-1024x187.png 1024w, https:\/\/ch.alfasigma.com\/wp-content\/uploads\/2023\/11\/ethicsaline-768x140.png 768w\" sizes=\"(max-width: 1500px) 100vw, 1500px\" \/>\t\t\t\t\t\t\t\t\t\t\t\t\t\t\t<\/div>\n\t\t\t\t<\/div>\n\t\t\t\t\t<\/div>\n\t\t<\/div>\n\t\t\t\t<div class=\"elementor-column elementor-col-50 elementor-top-column elementor-element elementor-element-2c3cb098\" data-id=\"2c3cb098\" data-element_type=\"column\" data-e-type=\"column\">\n\t\t\t<div class=\"elementor-widget-wrap elementor-element-populated\">\n\t\t\t\t\t\t<div class=\"elementor-element elementor-element-2cb1cd11 elementor-widget elementor-widget-text-editor\" data-id=\"2cb1cd11\" data-element_type=\"widget\" data-e-type=\"widget\" data-widget_type=\"text-editor.default\">\n\t\t\t\t<div class=\"elementor-widget-container\">\n\t\t\t\t\t\t\t\t\t<p>Unser prim\u00e4rer Meldekanal ist EthicsALine, eine sichere Webplattform, die von einem externen Anbieter verwaltet wird Die Plattform ist so konzipiert, dass sie entweder schriftliche oder m\u00fcndliche Meldungen entgegennimmt, die auch anonym eingereicht werden k\u00f6nnen. Im Falle einer m\u00fcndlichen Meldung ver\u00e4ndert die Plattform die Stimme des Berichterstatters, so dass sie unkenntlich gemacht wird. Wenn Sie \u00fcber den m\u00fcndlichen Kanal mit der Angabe Ihres Namens berichten m\u00f6chten, ist dies ebenfalls m\u00f6glich.<\/p><p>Unabh\u00e4ngig von Ihrer Wahl gew\u00e4hrleisten alle von Alfasigma eingesetzten Meldewege die Vertraulichkeit des Meldenden, der gemeldeten Person und des Inhalts der Meldung.<br>Berichte m\u00fcssen in gutem Glauben gemacht werden, pr\u00e4zise und konsistent sein und sich auf \u00fcberpr\u00fcfbare Fakten beziehen.<\/p>\t\t\t\t\t\t\t\t<\/div>\n\t\t\t\t<\/div>\n\t\t\t\t\t<\/div>\n\t\t<\/div>\n\t\t\t\t\t<\/div>\n\t\t<\/section>\n\t\t\t\t<section class=\"elementor-section elementor-top-section elementor-element elementor-element-4370a71 elementor-section-boxed elementor-section-height-default elementor-section-height-default\" data-id=\"4370a71\" data-element_type=\"section\" data-e-type=\"section\">\n\t\t\t\t\t\t<div class=\"elementor-container elementor-column-gap-default\">\n\t\t\t\t\t<div class=\"elementor-column elementor-col-100 elementor-top-column elementor-element elementor-element-0a7ad71\" data-id=\"0a7ad71\" data-element_type=\"column\" data-e-type=\"column\">\n\t\t\t<div class=\"elementor-widget-wrap elementor-element-populated\">\n\t\t\t\t\t\t<div class=\"elementor-element elementor-element-8195e79 elementor-widget elementor-widget-text-editor\" data-id=\"8195e79\" data-element_type=\"widget\" data-e-type=\"widget\" data-widget_type=\"text-editor.default\">\n\t\t\t\t<div class=\"elementor-widget-container\">\n\t\t\t\t\t\t\t\t\t<p>Meldungen mit dem folgenden Inhalt werden nicht ber\u00fccksichtigt:<\/p><p>- Berichte \u00fcber unerw\u00fcnschte Wirkungen im Zusammenhang mit der Einnahme von Arzneimitteln, die von der Alfasigma-Gruppe vermarktet werden. <a href=\"https:\/\/de.alfasigma.com\/?page_id=826\">Hierzu Klicken Sie hier<\/a> Wenn Sie dringend Hilfe ben\u00f6tigen, wenden Sie sich bitte an Ihren \u00f6ffentlichen Rettungsdienst.<\/p>\t\t\t\t\t\t\t\t<\/div>\n\t\t\t\t<\/div>\n\t\t\t\t\t<\/div>\n\t\t<\/div>\n\t\t\t\t\t<\/div>\n\t\t<\/section>\n\t\t\t\t<section class=\"elementor-section elementor-top-section elementor-element elementor-element-72de02b0 bg-primary elementor-section-boxed elementor-section-height-default elementor-section-height-default\" data-id=\"72de02b0\" data-element_type=\"section\" data-e-type=\"section\">\n\t\t\t\t\t\t<div class=\"elementor-container elementor-column-gap-default\">\n\t\t\t\t\t<div class=\"elementor-column elementor-col-100 elementor-top-column elementor-element elementor-element-9cb7677 elementor-invisible\" data-id=\"9cb7677\" data-element_type=\"column\" data-e-type=\"column\" data-settings=\"{&quot;animation&quot;:&quot;slideInRight&quot;}\">\n\t\t\t<div class=\"elementor-widget-wrap elementor-element-populated\">\n\t\t\t\t\t\t<div class=\"elementor-element elementor-element-6910d867 elementor-widget elementor-widget-text-editor\" data-id=\"6910d867\" data-element_type=\"widget\" data-e-type=\"widget\" data-widget_type=\"text-editor.default\">\n\t\t\t\t<div class=\"elementor-widget-container\">\n\t\t\t\t\t\t\t\t\t<p><strong>Alle Einzelheiten zur Handhabung und Bearbeitung von Meldungen entnehmen Sie bitte dem von der Alfasigma-Gruppe eingerichteten Verfahrenssystem.<\/strong><\/p><p><a href=\"https:\/\/ch.alfasigma.com\/wp-content\/uploads\/2025\/10\/Global-Speak-Up-Global-Policy-Final-ENG.pdf\">Klicken Sie hier f\u00fcr die englische Version der Whistleblowing Global Policy.<\/a><\/p><p><a href=\"https:\/\/ch.alfasigma.com\/wp-content\/uploads\/2025\/10\/Speak-Up-Global-Policy-Final-DE.pdf\" target=\"_blank\" rel=\"noopener\">Klicken Sie hier, um die Version der Whistleblowing Global Policy in der \u00f6rtlichen Sprache zu erhalten.<\/a><\/p>\t\t\t\t\t\t\t\t<\/div>\n\t\t\t\t<\/div>\n\t\t\t\t<div class=\"elementor-element elementor-element-6c258087 elementor-align-center elementor-widget elementor-widget-button\" data-id=\"6c258087\" data-element_type=\"widget\" data-e-type=\"widget\" data-widget_type=\"button.default\">\n\t\t\t\t<div class=\"elementor-widget-container\">\n\t\t\t\t\t\t\t\t\t<div class=\"elementor-button-wrapper\">\n\t\t\t\t\t<a class=\"elementor-button elementor-button-link elementor-size-sm\" href=\"https:\/\/digitalroom.bdo.it\/alfasigma\/home.aspx\" target=\"_blank\">\n\t\t\t\t\t\t<span class=\"elementor-button-content-wrapper\">\n\t\t\t\t\t\t\t\t\t<span class=\"elementor-button-text\">Begeben Sie sich auf die Plattform, indem Sie auf die Schaltfl\u00e4che \u201eEthicsALine\u201c klicken<\/span>\n\t\t\t\t\t<\/span>\n\t\t\t\t\t<\/a>\n\t\t\t\t<\/div>\n\t\t\t\t\t\t\t\t<\/div>\n\t\t\t\t<\/div>\n\t\t\t\t\t<\/div>\n\t\t<\/div>\n\t\t\t\t\t<\/div>\n\t\t<\/section>\n\t\t\t\t<\/div>\n\t\t","protected":false},"excerpt":{"rendered":"<p>\u00dcber uns \/ Ethik und Transparenz \/ Speak Up Speak Up Wir bei Alfasigma f\u00f6rdern eine Arbeitsatmosph\u00e4re, die jeden Einzelnen ermutigt, seine Meinung, Ideen und Bedenken ohne Angst vor Vergeltungsma\u00dfnahmen zu \u00e4u\u00dfern. Um dies zu unterst\u00fctzen, haben wir ein \"Speak Up\" Meldesystem eingef\u00fchrt, das es erm\u00f6glicht, auf jedes Tun oder Unterlassen hinzuweisen, welches entweder gegen &hellip; <a href=\"https:\/\/ch.alfasigma.com\/de\/unser-unternehmen\/ethik-und-transparenz\/whistleblowing-system\/\">Continued<\/a><\/p>\n","protected":false},"author":1,"featured_media":7520,"parent":7305,"menu_order":0,"comment_status":"closed","ping_status":"closed","template":"","meta":{"_acf_changed":false,"footnotes":""},"class_list":["post-7526","page","type-page","status-publish","has-post-thumbnail","hentry"],"acf":[],"yoast_head":"<!-- This site is optimized with the Yoast SEO plugin v27.3 - https:\/\/yoast.com\/product\/yoast-seo-wordpress\/ -->\n<title>Alfasigma Schweiz - Whistleblowing-System<\/title>\n<meta name=\"robots\" content=\"index,follow\" \/>\n<link rel=\"canonical\" href=\"https:\/\/ch.alfasigma.com\/de\/unser-unternehmen\/ethik-und-transparenz\/whistleblowing-system\/\" \/>\n<meta property=\"og:locale\" content=\"de_DE\" \/>\n<meta property=\"og:type\" content=\"article\" \/>\n<meta property=\"og:title\" content=\"Alfasigma Schweiz - Whistleblowing-System\" \/>\n<meta property=\"og:description\" content=\"\u00dcber uns \/ Ethik und Transparenz \/ Speak Up Speak Up Wir bei Alfasigma f\u00f6rdern eine Arbeitsatmosph\u00e4re, die jeden Einzelnen ermutigt, seine Meinung, Ideen und Bedenken ohne Angst vor Vergeltungsma\u00dfnahmen zu \u00e4u\u00dfern. Um dies zu unterst\u00fctzen, haben wir ein &quot;Speak Up&quot; Meldesystem eingef\u00fchrt, das es erm\u00f6glicht, auf jedes Tun oder Unterlassen hinzuweisen, welches entweder gegen &hellip; Continued\" \/>\n<meta property=\"og:url\" content=\"https:\/\/ch.alfasigma.com\/de\/unser-unternehmen\/ethik-und-transparenz\/whistleblowing-system\/\" \/>\n<meta property=\"og:site_name\" content=\"Alfasigma Schweiz\" \/>\n<meta property=\"article:modified_time\" content=\"2025-10-10T14:16:25+00:00\" \/>\n<meta property=\"og:image\" content=\"https:\/\/ch.alfasigma.com\/wp-content\/uploads\/2023\/11\/ethicsaline-cover.jpg\" \/>\n\t<meta property=\"og:image:width\" content=\"2400\" \/>\n\t<meta property=\"og:image:height\" content=\"1372\" \/>\n\t<meta property=\"og:image:type\" content=\"image\/jpeg\" \/>\n<meta name=\"twitter:card\" content=\"summary_large_image\" \/>\n<meta name=\"twitter:label1\" content=\"Gesch\u00e4tzte Lesezeit\" \/>\n\t<meta name=\"twitter:data1\" content=\"3\u00a0Minuten\" \/>\n<script type=\"application\/ld+json\" class=\"yoast-schema-graph\">{\"@context\":\"https:\\\/\\\/schema.org\",\"@graph\":[{\"@type\":\"WebPage\",\"@id\":\"https:\\\/\\\/ch.alfasigma.com\\\/de\\\/unser-unternehmen\\\/ethik-und-transparenz\\\/whistleblowing-system\\\/\",\"url\":\"https:\\\/\\\/ch.alfasigma.com\\\/de\\\/unser-unternehmen\\\/ethik-und-transparenz\\\/whistleblowing-system\\\/\",\"name\":\"Alfasigma Schweiz - Whistleblowing-System\",\"isPartOf\":{\"@id\":\"https:\\\/\\\/ch.alfasigma.com\\\/de\\\/#website\"},\"primaryImageOfPage\":{\"@id\":\"https:\\\/\\\/ch.alfasigma.com\\\/de\\\/unser-unternehmen\\\/ethik-und-transparenz\\\/whistleblowing-system\\\/#primaryimage\"},\"image\":{\"@id\":\"https:\\\/\\\/ch.alfasigma.com\\\/de\\\/unser-unternehmen\\\/ethik-und-transparenz\\\/whistleblowing-system\\\/#primaryimage\"},\"thumbnailUrl\":\"https:\\\/\\\/ch.alfasigma.com\\\/wp-content\\\/uploads\\\/2023\\\/11\\\/ethicsaline-cover.jpg\",\"datePublished\":\"2023-11-24T17:14:39+00:00\",\"dateModified\":\"2025-10-10T14:16:25+00:00\",\"breadcrumb\":{\"@id\":\"https:\\\/\\\/ch.alfasigma.com\\\/de\\\/unser-unternehmen\\\/ethik-und-transparenz\\\/whistleblowing-system\\\/#breadcrumb\"},\"inLanguage\":\"de-CH\",\"potentialAction\":[{\"@type\":\"ReadAction\",\"target\":[\"https:\\\/\\\/ch.alfasigma.com\\\/de\\\/unser-unternehmen\\\/ethik-und-transparenz\\\/whistleblowing-system\\\/\"]}]},{\"@type\":\"ImageObject\",\"inLanguage\":\"de-CH\",\"@id\":\"https:\\\/\\\/ch.alfasigma.com\\\/de\\\/unser-unternehmen\\\/ethik-und-transparenz\\\/whistleblowing-system\\\/#primaryimage\",\"url\":\"https:\\\/\\\/ch.alfasigma.com\\\/wp-content\\\/uploads\\\/2023\\\/11\\\/ethicsaline-cover.jpg\",\"contentUrl\":\"https:\\\/\\\/ch.alfasigma.com\\\/wp-content\\\/uploads\\\/2023\\\/11\\\/ethicsaline-cover.jpg\",\"width\":2400,\"height\":1372},{\"@type\":\"BreadcrumbList\",\"@id\":\"https:\\\/\\\/ch.alfasigma.com\\\/de\\\/unser-unternehmen\\\/ethik-und-transparenz\\\/whistleblowing-system\\\/#breadcrumb\",\"itemListElement\":[{\"@type\":\"ListItem\",\"position\":1,\"name\":\"Home\",\"item\":\"https:\\\/\\\/ch.alfasigma.com\\\/de\\\/\"},{\"@type\":\"ListItem\",\"position\":2,\"name\":\"Unser Unternehmen\",\"item\":\"https:\\\/\\\/ch.alfasigma.com\\\/de\\\/unser-unternehmen\\\/\"},{\"@type\":\"ListItem\",\"position\":3,\"name\":\"Ethik und Transparenz\",\"item\":\"https:\\\/\\\/ch.alfasigma.com\\\/de\\\/unser-unternehmen\\\/ethik-und-transparenz\\\/\"},{\"@type\":\"ListItem\",\"position\":4,\"name\":\"Whistleblowing-System\"}]},{\"@type\":\"WebSite\",\"@id\":\"https:\\\/\\\/ch.alfasigma.com\\\/de\\\/#website\",\"url\":\"https:\\\/\\\/ch.alfasigma.com\\\/de\\\/\",\"name\":\"Alfasigma Schweiz\",\"description\":\"Pharmaceuticals with passion\",\"potentialAction\":[{\"@type\":\"SearchAction\",\"target\":{\"@type\":\"EntryPoint\",\"urlTemplate\":\"https:\\\/\\\/ch.alfasigma.com\\\/de\\\/?s={search_term_string}\"},\"query-input\":{\"@type\":\"PropertyValueSpecification\",\"valueRequired\":true,\"valueName\":\"search_term_string\"}}],\"inLanguage\":\"de-CH\"}]}<\/script>\n<!-- \/ Yoast SEO plugin. -->","yoast_head_json":{"title":"Alfasigma Schweiz - Whistleblowing-System","robots":{"index,follow":"index,follow"},"canonical":"https:\/\/ch.alfasigma.com\/de\/unser-unternehmen\/ethik-und-transparenz\/whistleblowing-system\/","og_locale":"de_DE","og_type":"article","og_title":"Alfasigma Schweiz - Whistleblowing-System","og_description":"\u00dcber uns \/ Ethik und Transparenz \/ Speak Up Speak Up Wir bei Alfasigma f\u00f6rdern eine Arbeitsatmosph\u00e4re, die jeden Einzelnen ermutigt, seine Meinung, Ideen und Bedenken ohne Angst vor Vergeltungsma\u00dfnahmen zu \u00e4u\u00dfern. Um dies zu unterst\u00fctzen, haben wir ein \"Speak Up\" Meldesystem eingef\u00fchrt, das es erm\u00f6glicht, auf jedes Tun oder Unterlassen hinzuweisen, welches entweder gegen &hellip; Continued","og_url":"https:\/\/ch.alfasigma.com\/de\/unser-unternehmen\/ethik-und-transparenz\/whistleblowing-system\/","og_site_name":"Alfasigma Schweiz","article_modified_time":"2025-10-10T14:16:25+00:00","og_image":[{"width":2400,"height":1372,"url":"https:\/\/ch.alfasigma.com\/wp-content\/uploads\/2023\/11\/ethicsaline-cover.jpg","type":"image\/jpeg"}],"twitter_card":"summary_large_image","twitter_misc":{"Gesch\u00e4tzte Lesezeit":"3\u00a0Minuten"},"schema":{"@context":"https:\/\/schema.org","@graph":[{"@type":"WebPage","@id":"https:\/\/ch.alfasigma.com\/de\/unser-unternehmen\/ethik-und-transparenz\/whistleblowing-system\/","url":"https:\/\/ch.alfasigma.com\/de\/unser-unternehmen\/ethik-und-transparenz\/whistleblowing-system\/","name":"Alfasigma Schweiz - Whistleblowing-System","isPartOf":{"@id":"https:\/\/ch.alfasigma.com\/de\/#website"},"primaryImageOfPage":{"@id":"https:\/\/ch.alfasigma.com\/de\/unser-unternehmen\/ethik-und-transparenz\/whistleblowing-system\/#primaryimage"},"image":{"@id":"https:\/\/ch.alfasigma.com\/de\/unser-unternehmen\/ethik-und-transparenz\/whistleblowing-system\/#primaryimage"},"thumbnailUrl":"https:\/\/ch.alfasigma.com\/wp-content\/uploads\/2023\/11\/ethicsaline-cover.jpg","datePublished":"2023-11-24T17:14:39+00:00","dateModified":"2025-10-10T14:16:25+00:00","breadcrumb":{"@id":"https:\/\/ch.alfasigma.com\/de\/unser-unternehmen\/ethik-und-transparenz\/whistleblowing-system\/#breadcrumb"},"inLanguage":"de-CH","potentialAction":[{"@type":"ReadAction","target":["https:\/\/ch.alfasigma.com\/de\/unser-unternehmen\/ethik-und-transparenz\/whistleblowing-system\/"]}]},{"@type":"ImageObject","inLanguage":"de-CH","@id":"https:\/\/ch.alfasigma.com\/de\/unser-unternehmen\/ethik-und-transparenz\/whistleblowing-system\/#primaryimage","url":"https:\/\/ch.alfasigma.com\/wp-content\/uploads\/2023\/11\/ethicsaline-cover.jpg","contentUrl":"https:\/\/ch.alfasigma.com\/wp-content\/uploads\/2023\/11\/ethicsaline-cover.jpg","width":2400,"height":1372},{"@type":"BreadcrumbList","@id":"https:\/\/ch.alfasigma.com\/de\/unser-unternehmen\/ethik-und-transparenz\/whistleblowing-system\/#breadcrumb","itemListElement":[{"@type":"ListItem","position":1,"name":"Home","item":"https:\/\/ch.alfasigma.com\/de\/"},{"@type":"ListItem","position":2,"name":"Unser Unternehmen","item":"https:\/\/ch.alfasigma.com\/de\/unser-unternehmen\/"},{"@type":"ListItem","position":3,"name":"Ethik und Transparenz","item":"https:\/\/ch.alfasigma.com\/de\/unser-unternehmen\/ethik-und-transparenz\/"},{"@type":"ListItem","position":4,"name":"Whistleblowing-System"}]},{"@type":"WebSite","@id":"https:\/\/ch.alfasigma.com\/de\/#website","url":"https:\/\/ch.alfasigma.com\/de\/","name":"Alfasigma Schweiz","description":"Pharmaceuticals with passion","potentialAction":[{"@type":"SearchAction","target":{"@type":"EntryPoint","urlTemplate":"https:\/\/ch.alfasigma.com\/de\/?s={search_term_string}"},"query-input":{"@type":"PropertyValueSpecification","valueRequired":true,"valueName":"search_term_string"}}],"inLanguage":"de-CH"}]}},"_links":{"self":[{"href":"https:\/\/ch.alfasigma.com\/de\/wp-json\/wp\/v2\/pages\/7526","targetHints":{"allow":["GET"]}}],"collection":[{"href":"https:\/\/ch.alfasigma.com\/de\/wp-json\/wp\/v2\/pages"}],"about":[{"href":"https:\/\/ch.alfasigma.com\/de\/wp-json\/wp\/v2\/types\/page"}],"author":[{"embeddable":true,"href":"https:\/\/ch.alfasigma.com\/de\/wp-json\/wp\/v2\/users\/1"}],"replies":[{"embeddable":true,"href":"https:\/\/ch.alfasigma.com\/de\/wp-json\/wp\/v2\/comments?post=7526"}],"version-history":[{"count":6,"href":"https:\/\/ch.alfasigma.com\/de\/wp-json\/wp\/v2\/pages\/7526\/revisions"}],"predecessor-version":[{"id":7950,"href":"https:\/\/ch.alfasigma.com\/de\/wp-json\/wp\/v2\/pages\/7526\/revisions\/7950"}],"up":[{"embeddable":true,"href":"https:\/\/ch.alfasigma.com\/de\/wp-json\/wp\/v2\/pages\/7305"}],"wp:featuredmedia":[{"embeddable":true,"href":"https:\/\/ch.alfasigma.com\/de\/wp-json\/wp\/v2\/media\/7520"}],"wp:attachment":[{"href":"https:\/\/ch.alfasigma.com\/de\/wp-json\/wp\/v2\/media?parent=7526"}],"curies":[{"name":"wp","href":"https:\/\/api.w.org\/{rel}","templated":true}]}}