{"id":6315,"date":"2020-04-07T13:23:50","date_gmt":"2020-04-07T13:23:50","guid":{"rendered":"https:\/\/ch.alfasigma.com\/mentions-legales\/"},"modified":"2022-09-06T06:49:27","modified_gmt":"2022-09-06T06:49:27","slug":"mentions-legales","status":"publish","type":"page","link":"https:\/\/ch.alfasigma.com\/fr\/mentions-legales\/","title":{"rendered":"Mentions l\u00e9gales"},"content":{"rendered":"\t\t<div data-elementor-type=\"wp-page\" data-elementor-id=\"6315\" class=\"elementor elementor-6315 elementor-367\" data-elementor-post-type=\"page\">\n\t\t\t\t\t\t<section class=\"elementor-section elementor-top-section elementor-element elementor-element-a95751d elementor-section-boxed elementor-section-height-default elementor-section-height-default\" data-id=\"a95751d\" data-element_type=\"section\" data-e-type=\"section\">\n\t\t\t\t\t\t<div class=\"elementor-container elementor-column-gap-default\">\n\t\t\t\t\t<div class=\"elementor-column elementor-col-100 elementor-top-column elementor-element elementor-element-250bc72 elementor-invisible\" data-id=\"250bc72\" data-element_type=\"column\" data-e-type=\"column\" data-settings=\"{&quot;animation&quot;:&quot;fadeIn&quot;}\">\n\t\t\t<div class=\"elementor-widget-wrap elementor-element-populated\">\n\t\t\t\t\t\t<div class=\"elementor-element elementor-element-205e115 elementor-invisible elementor-widget elementor-widget-heading\" data-id=\"205e115\" data-element_type=\"widget\" data-e-type=\"widget\" data-settings=\"{&quot;_animation&quot;:&quot;zoomIn&quot;}\" data-widget_type=\"heading.default\">\n\t\t\t\t<div class=\"elementor-widget-container\">\n\t\t\t\t\t<h3 class=\"elementor-heading-title elementor-size-default\">Mentions l\u00e9gales<\/h3>\t\t\t\t<\/div>\n\t\t\t\t<\/div>\n\t\t\t\t<div class=\"elementor-element elementor-element-139e6e2 elementor-invisible elementor-widget elementor-widget-text-editor\" data-id=\"139e6e2\" data-element_type=\"widget\" data-e-type=\"widget\" data-settings=\"{&quot;_animation&quot;:&quot;fadeIn&quot;}\" data-widget_type=\"text-editor.default\">\n\t\t\t\t<div class=\"elementor-widget-container\">\n\t\t\t\t\t\t\t\t\t<p>L\u2019acc\u00e8s et l\u2019utilisation de ce site Web sont soumis aux Conditions suivantes. De par votre visite sur ce site Web, vous acceptez ces Conditions d\u2019utilisation. Si vous deviez ne pas \u00eatre d\u2019accord avec ces Conditions d\u2019utilisation, merci de ne plus utiliser ce site Web. La soci\u00e9t\u00e9 Alfasigma Schweiz AG peut modifier ces Conditions d\u2019utilisation \u00e0 tout moment. Veuillez consulter de temps \u00e0 autre la version actuelle des Conditions d\u2019utilisation.<\/p><p><strong>Limitation de responsabilit\u00e9<\/strong><br>Les informations pr\u00e9sent\u00e9es sur ce site Web ne sont que des informations d\u2019ordre g\u00e9n\u00e9ral sur Alfasigma Schweiz AG, ses produits et services. La soci\u00e9t\u00e9 Alfasigma Schweiz AG a \u00e9labor\u00e9 le contenu de ce site Web en l\u2019\u00e9tat actuel de ses connaissances et en toute conscience et veille ainsi \u00e0 ce que les informations pr\u00e9sent\u00e9es sur le site Web sont d\u2019actualit\u00e9. Les informations pr\u00e9sent\u00e9es sur le site Web ne se veulent en aucun cas exhaustives. La soci\u00e9t\u00e9 Alfasigma Schweiz AG ne se porte nullement garant quant \u00e0 la fid\u00e9lit\u00e9, l\u2019exactitude, l\u2019actualit\u00e9, la fiabilit\u00e9 et l\u2019int\u00e9gralit\u00e9 des informations. Pour toute question d\u2019ordre m\u00e9dical, merci de vous adresser \u00e0 un sp\u00e9cialiste.<br>Est exclue toute demande de r\u00e9paration de pr\u00e9judice contre l'auteur se rapportant \u00e0 des dommages de type mat\u00e9riel ou immat\u00e9riel, encourus apr\u00e8s acc\u00e8s ou utilisation, ou le cas \u00e9ch\u00e9ant absence d'utilisation des informations publi\u00e9es, apr\u00e8s mauvais usage de la connexion ou r\u00e9sultant de pannes techniques.<br>La soci\u00e9t\u00e9 Alfasigma Schweiz AG ne peut en aucun cas \u00eatre tenue responsable d\u2019\u00e9ventuels dommages ou en cas de virus qui pourrait affecter votre ordinateur.<br>Toutes les offres sont sans engagement. L\u2019auteur se r\u00e9serve express\u00e9ment le droit de modifier, compl\u00e9ter, supprimer partiellement ou totalement l\u2019offre, ou de suspendre provisoirement ou d\u00e9finitivement la publication, et ce sans avis pr\u00e9alable.<\/p><p><strong>Responsabilit\u00e9 relative aux liens<\/strong><br>Les liens ou indications concernant les sites Web de tiers sont exclus de notre sph\u00e8re de responsabilit\u00e9. Toute responsabilit\u00e9 concernant ces sites Web est rejet\u00e9e. Nous nous effor\u00e7ons toutefois de vous informer qu\u2019en quittant notre site Web, les Conditions d\u2019utilisation et la Politique de Confidentialit\u00e9 des sites Web tiers peuvent diff\u00e9rer des n\u00f4tres. L\u2019acc\u00e8s et l\u2019utilisation de tels sites Web sont aux propres risques et p\u00e9rils de l\u2019utilisateur ou de l\u2019utilisatrice.<\/p><p><strong>Utilisation internationale<\/strong><br>Le site Web de Alfasigma Schweiz AG est op\u00e9r\u00e9, contr\u00f4l\u00e9 et mis \u00e0 jour par Alfasigma Schweiz AG depuis Zofingue. Ce site Web est uniquement pr\u00e9vu pour un usage en Suisse.<br>Les produits pr\u00e9sent\u00e9s sur le site Web peuvent ne pas \u00eatre disponibles dans tous les pays ou ne pas porter le m\u00eame nom commercial. Selon les pays, les produits peuvent \u00eatre soumis \u00e0 diff\u00e9rentes exigences l\u00e9gales.<\/p><p><strong>Droits d\u2019auteur<\/strong><br>Les droits d\u2019auteur et tous les autres droits relatifs au contenu, aux illustrations, aux photos ou autres donn\u00e9es pr\u00e9sent\u00e9es sur le site Web appartiennent exclusivement \u00e0 Alfasigma Schweiz AG ou aux d\u00e9tenteurs des droits sp\u00e9cifiquement mentionn\u00e9s. La reproduction de tout \u00e9l\u00e9ment est sujette \u00e0 obtention pr\u00e9alable d'une autorisation \u00e9crite des d\u00e9tenteurs des droits d'auteur.<\/p><p><strong>Contact<\/strong><br>En cas de questions ou de r\u00e9clamations relatives \u00e0 notre respect de cette politique de protection et d\u2019utilisation des donn\u00e9es ainsi que pour des recommandations ou des remarques en vue de l\u2019am\u00e9lioration des Conditions d\u2019utilisation ou de la protection des donn\u00e9es, nous vous prions de vous adresser par mail \u00e0 info.ch@alfasigma.com. <\/p>\t\t\t\t\t\t\t\t<\/div>\n\t\t\t\t<\/div>\n\t\t\t\t\t<\/div>\n\t\t<\/div>\n\t\t\t\t\t<\/div>\n\t\t<\/section>\n\t\t\t\t<\/div>\n\t\t","protected":false},"excerpt":{"rendered":"<p>L\u2019acc\u00e8s et l\u2019utilisation de ce site Web sont soumis aux Conditions suivantes. De par votre visite sur ce site Web, vous acceptez ces Conditions d\u2019utilisation. Si vous deviez ne pas \u00eatre d\u2019accord avec ces Conditions d\u2019utilisation, merci de ne plus utiliser ce site Web. La soci\u00e9t\u00e9 Alfasigma Schweiz AG peut modifier ces Conditions d\u2019utilisation \u00e0 &hellip; <a href=\"https:\/\/ch.alfasigma.com\/fr\/mentions-legales\/\">Continued<\/a><\/p>\n","protected":false},"author":1,"featured_media":0,"parent":0,"menu_order":0,"comment_status":"closed","ping_status":"closed","template":"","meta":{"_acf_changed":false,"footnotes":""},"class_list":["post-6315","page","type-page","status-publish","hentry"],"acf":[],"yoast_head":"<!-- This site is optimized with the Yoast SEO plugin v27.3 - https:\/\/yoast.com\/product\/yoast-seo-wordpress\/ -->\n<title>Alfasigma Schweiz - Mentions l\u00e9gales<\/title>\n<meta name=\"robots\" content=\"index,follow\" \/>\n<link rel=\"canonical\" href=\"https:\/\/ch.alfasigma.com\/fr\/mentions-legales\/\" \/>\n<meta property=\"og:locale\" content=\"fr_FR\" \/>\n<meta property=\"og:type\" content=\"article\" \/>\n<meta property=\"og:title\" content=\"Alfasigma Schweiz - Mentions l\u00e9gales\" \/>\n<meta property=\"og:description\" content=\"L\u2019acc\u00e8s et l\u2019utilisation de ce site Web sont soumis aux Conditions suivantes. De par votre visite sur ce site Web, vous acceptez ces Conditions d\u2019utilisation. Si vous deviez ne pas \u00eatre d\u2019accord avec ces Conditions d\u2019utilisation, merci de ne plus utiliser ce site Web. La soci\u00e9t\u00e9 Alfasigma Schweiz AG peut modifier ces Conditions d\u2019utilisation \u00e0 &hellip; Continued\" \/>\n<meta property=\"og:url\" content=\"https:\/\/ch.alfasigma.com\/fr\/mentions-legales\/\" \/>\n<meta property=\"og:site_name\" content=\"Alfasigma Schweiz\" \/>\n<meta property=\"article:modified_time\" content=\"2022-09-06T06:49:27+00:00\" \/>\n<meta name=\"twitter:card\" content=\"summary_large_image\" \/>\n<meta name=\"twitter:label1\" content=\"Est. reading time\" \/>\n\t<meta name=\"twitter:data1\" content=\"3 minutes\" \/>\n<script type=\"application\/ld+json\" class=\"yoast-schema-graph\">{\"@context\":\"https:\\\/\\\/schema.org\",\"@graph\":[{\"@type\":\"WebPage\",\"@id\":\"https:\\\/\\\/ch.alfasigma.com\\\/fr\\\/mentions-legales\\\/\",\"url\":\"https:\\\/\\\/ch.alfasigma.com\\\/fr\\\/mentions-legales\\\/\",\"name\":\"Alfasigma Schweiz - Mentions l\u00e9gales\",\"isPartOf\":{\"@id\":\"https:\\\/\\\/ch.alfasigma.com\\\/fr\\\/#website\"},\"datePublished\":\"2020-04-07T13:23:50+00:00\",\"dateModified\":\"2022-09-06T06:49:27+00:00\",\"breadcrumb\":{\"@id\":\"https:\\\/\\\/ch.alfasigma.com\\\/fr\\\/mentions-legales\\\/#breadcrumb\"},\"inLanguage\":\"fr-CH\",\"potentialAction\":[{\"@type\":\"ReadAction\",\"target\":[\"https:\\\/\\\/ch.alfasigma.com\\\/fr\\\/mentions-legales\\\/\"]}]},{\"@type\":\"BreadcrumbList\",\"@id\":\"https:\\\/\\\/ch.alfasigma.com\\\/fr\\\/mentions-legales\\\/#breadcrumb\",\"itemListElement\":[{\"@type\":\"ListItem\",\"position\":1,\"name\":\"Home\",\"item\":\"https:\\\/\\\/ch.alfasigma.com\\\/fr\\\/\"},{\"@type\":\"ListItem\",\"position\":2,\"name\":\"Mentions l\u00e9gales\"}]},{\"@type\":\"WebSite\",\"@id\":\"https:\\\/\\\/ch.alfasigma.com\\\/fr\\\/#website\",\"url\":\"https:\\\/\\\/ch.alfasigma.com\\\/fr\\\/\",\"name\":\"Alfasigma Schweiz\",\"description\":\"Pharmaceuticals with passion\",\"potentialAction\":[{\"@type\":\"SearchAction\",\"target\":{\"@type\":\"EntryPoint\",\"urlTemplate\":\"https:\\\/\\\/ch.alfasigma.com\\\/fr\\\/?s={search_term_string}\"},\"query-input\":{\"@type\":\"PropertyValueSpecification\",\"valueRequired\":true,\"valueName\":\"search_term_string\"}}],\"inLanguage\":\"fr-CH\"}]}<\/script>\n<!-- \/ Yoast SEO plugin. -->","yoast_head_json":{"title":"Alfasigma Schweiz - Mentions l\u00e9gales","robots":{"index,follow":"index,follow"},"canonical":"https:\/\/ch.alfasigma.com\/fr\/mentions-legales\/","og_locale":"fr_FR","og_type":"article","og_title":"Alfasigma Schweiz - Mentions l\u00e9gales","og_description":"L\u2019acc\u00e8s et l\u2019utilisation de ce site Web sont soumis aux Conditions suivantes. De par votre visite sur ce site Web, vous acceptez ces Conditions d\u2019utilisation. Si vous deviez ne pas \u00eatre d\u2019accord avec ces Conditions d\u2019utilisation, merci de ne plus utiliser ce site Web. La soci\u00e9t\u00e9 Alfasigma Schweiz AG peut modifier ces Conditions d\u2019utilisation \u00e0 &hellip; Continued","og_url":"https:\/\/ch.alfasigma.com\/fr\/mentions-legales\/","og_site_name":"Alfasigma Schweiz","article_modified_time":"2022-09-06T06:49:27+00:00","twitter_card":"summary_large_image","twitter_misc":{"Est. reading time":"3 minutes"},"schema":{"@context":"https:\/\/schema.org","@graph":[{"@type":"WebPage","@id":"https:\/\/ch.alfasigma.com\/fr\/mentions-legales\/","url":"https:\/\/ch.alfasigma.com\/fr\/mentions-legales\/","name":"Alfasigma Schweiz - Mentions l\u00e9gales","isPartOf":{"@id":"https:\/\/ch.alfasigma.com\/fr\/#website"},"datePublished":"2020-04-07T13:23:50+00:00","dateModified":"2022-09-06T06:49:27+00:00","breadcrumb":{"@id":"https:\/\/ch.alfasigma.com\/fr\/mentions-legales\/#breadcrumb"},"inLanguage":"fr-CH","potentialAction":[{"@type":"ReadAction","target":["https:\/\/ch.alfasigma.com\/fr\/mentions-legales\/"]}]},{"@type":"BreadcrumbList","@id":"https:\/\/ch.alfasigma.com\/fr\/mentions-legales\/#breadcrumb","itemListElement":[{"@type":"ListItem","position":1,"name":"Home","item":"https:\/\/ch.alfasigma.com\/fr\/"},{"@type":"ListItem","position":2,"name":"Mentions l\u00e9gales"}]},{"@type":"WebSite","@id":"https:\/\/ch.alfasigma.com\/fr\/#website","url":"https:\/\/ch.alfasigma.com\/fr\/","name":"Alfasigma Schweiz","description":"Pharmaceuticals with passion","potentialAction":[{"@type":"SearchAction","target":{"@type":"EntryPoint","urlTemplate":"https:\/\/ch.alfasigma.com\/fr\/?s={search_term_string}"},"query-input":{"@type":"PropertyValueSpecification","valueRequired":true,"valueName":"search_term_string"}}],"inLanguage":"fr-CH"}]}},"_links":{"self":[{"href":"https:\/\/ch.alfasigma.com\/fr\/wp-json\/wp\/v2\/pages\/6315","targetHints":{"allow":["GET"]}}],"collection":[{"href":"https:\/\/ch.alfasigma.com\/fr\/wp-json\/wp\/v2\/pages"}],"about":[{"href":"https:\/\/ch.alfasigma.com\/fr\/wp-json\/wp\/v2\/types\/page"}],"author":[{"embeddable":true,"href":"https:\/\/ch.alfasigma.com\/fr\/wp-json\/wp\/v2\/users\/1"}],"replies":[{"embeddable":true,"href":"https:\/\/ch.alfasigma.com\/fr\/wp-json\/wp\/v2\/comments?post=6315"}],"version-history":[{"count":0,"href":"https:\/\/ch.alfasigma.com\/fr\/wp-json\/wp\/v2\/pages\/6315\/revisions"}],"wp:attachment":[{"href":"https:\/\/ch.alfasigma.com\/fr\/wp-json\/wp\/v2\/media?parent=6315"}],"curies":[{"name":"wp","href":"https:\/\/api.w.org\/{rel}","templated":true}]}}