{"id":6331,"date":"2020-04-07T13:23:19","date_gmt":"2020-04-07T13:23:19","guid":{"rendered":"https:\/\/ch.alfasigma.com\/contacts\/"},"modified":"2025-01-17T14:15:38","modified_gmt":"2025-01-17T14:15:38","slug":"contacts","status":"publish","type":"page","link":"https:\/\/ch.alfasigma.com\/fr\/contacts\/","title":{"rendered":"Contacts"},"content":{"rendered":"\t\t<div data-elementor-type=\"wp-page\" data-elementor-id=\"6331\" class=\"elementor elementor-6331 elementor-363\" data-elementor-post-type=\"page\">\n\t\t\t\t\t\t<section class=\"elementor-section elementor-top-section elementor-element elementor-element-fbd3bc1 elementor-section-boxed elementor-section-height-default elementor-section-height-default\" data-id=\"fbd3bc1\" data-element_type=\"section\" data-e-type=\"section\">\n\t\t\t\t\t\t<div class=\"elementor-container elementor-column-gap-default\">\n\t\t\t\t\t<div class=\"elementor-column elementor-col-100 elementor-top-column elementor-element elementor-element-8f554fe\" data-id=\"8f554fe\" data-element_type=\"column\" data-e-type=\"column\">\n\t\t\t<div class=\"elementor-widget-wrap elementor-element-populated\">\n\t\t\t\t\t\t<div class=\"elementor-element elementor-element-7a4e06c elementor-widget elementor-widget-eael-adv-accordion\" data-id=\"7a4e06c\" data-element_type=\"widget\" data-e-type=\"widget\" data-widget_type=\"eael-adv-accordion.default\">\n\t\t\t\t<div class=\"elementor-widget-container\">\n\t\t\t\t\t            <div class=\"eael-adv-accordion\" id=\"eael-adv-accordion-7a4e06c\" data-scroll-on-click=\"no\" data-scroll-speed=\"300\" data-accordion-id=\"7a4e06c\" data-accordion-type=\"accordion\" data-toogle-speed=\"300\">\n            <div class=\"eael-accordion-list\">\n\t\t\t\t\t<div id=\"alfasigma-schweiz-ag\" class=\"elementor-tab-title eael-accordion-header active-default\" tabindex=\"0\" data-tab=\"1\" aria-controls=\"elementor-tab-content-1281\"><span class=\"eael-accordion-tab-title\">Alfasigma Schweiz AG<\/span><\/div><div id=\"elementor-tab-content-1281\" class=\"eael-accordion-content clearfix active-default\" data-tab=\"1\" aria-labelledby=\"alfasigma-schweiz-ag\"><p><strong>Alfasigma Schweiz AG<\/strong><br \/>Luzernerstrasse 2,<br \/>4800 Zofingen, Switzerland<br \/>Tel. <a href=\"tel:+41627460505\">+41 627460505<\/a><br \/>e-mail: <a href=\"mailto:info.ch@alfasigma.com\">info.ch@alfasigma.com<\/a><\/p><p>Privacy Office: <a href=\"mailto:info.ch@alfasigma.com\">info.ch@alfasigma.com<\/a><\/p><\/div>\n\t\t\t\t\t<\/div><\/div>\t\t\t\t<\/div>\n\t\t\t\t<\/div>\n\t\t\t\t<div class=\"elementor-element elementor-element-90e73a0 elementor-widget elementor-widget-spacer\" data-id=\"90e73a0\" data-element_type=\"widget\" data-e-type=\"widget\" data-widget_type=\"spacer.default\">\n\t\t\t\t<div class=\"elementor-widget-container\">\n\t\t\t\t\t\t\t<div class=\"elementor-spacer\">\n\t\t\t<div class=\"elementor-spacer-inner\"><\/div>\n\t\t<\/div>\n\t\t\t\t\t\t<\/div>\n\t\t\t\t<\/div>\n\t\t\t\t<div class=\"elementor-element elementor-element-6e9e364 font-size-15 elementor-widget elementor-widget-text-editor\" data-id=\"6e9e364\" data-element_type=\"widget\" data-e-type=\"widget\" data-widget_type=\"text-editor.default\">\n\t\t\t\t<div class=\"elementor-widget-container\">\n\t\t\t\t\t\t\t\t\t<p>En cas d\u2019\u00e9v\u00e9nements ind\u00e9sirables li\u00e9s au m\u00e9dicament ou de tout autre probl\u00e8me li\u00e9 \u00e0 un m\u00e9dicament, veuillez contacter le bureau de pharmacovigilance d\u2019Alfasigma en remplissant le formulaire <a href=\"https:\/\/ch.alfasigma.com\/fr\/notre-entreprise\/pharmacovigilance\/\">ici<\/a><\/p>\t\t\t\t\t\t\t\t<\/div>\n\t\t\t\t<\/div>\n\t\t\t\t\t<\/div>\n\t\t<\/div>\n\t\t\t\t\t<\/div>\n\t\t<\/section>\n\t\t\t\t<section class=\"elementor-section elementor-top-section elementor-element elementor-element-4eedf1a bg-primary elementor-section-boxed elementor-section-height-default elementor-section-height-default\" data-id=\"4eedf1a\" data-element_type=\"section\" data-e-type=\"section\">\n\t\t\t\t\t\t<div class=\"elementor-container elementor-column-gap-default\">\n\t\t\t\t\t<div class=\"elementor-column elementor-col-100 elementor-top-column elementor-element elementor-element-7080c10\" data-id=\"7080c10\" data-element_type=\"column\" data-e-type=\"column\">\n\t\t\t<div class=\"elementor-widget-wrap elementor-element-populated\">\n\t\t\t\t\t\t<div class=\"elementor-element elementor-element-80a36ea elementor-widget elementor-widget-heading\" data-id=\"80a36ea\" data-element_type=\"widget\" data-e-type=\"widget\" data-widget_type=\"heading.default\">\n\t\t\t\t<div class=\"elementor-widget-container\">\n\t\t\t\t\t<h5 class=\"elementor-heading-title elementor-size-default\">Vous avez une question \u00e0 nous poser ? Envoyez-nous un message - nous sommes \u00e0 votre disposition.<\/h5>\t\t\t\t<\/div>\n\t\t\t\t<\/div>\n\t\t\t\t<div class=\"elementor-element elementor-element-a633232 eael-wpforms-form-button-full-width elementor-widget elementor-widget-eael-wpforms\" data-id=\"a633232\" data-element_type=\"widget\" data-e-type=\"widget\" data-widget_type=\"eael-wpforms.default\">\n\t\t\t\t<div class=\"elementor-widget-container\">\n\t\t\t\t\t            <div class=\"eael-contact-form eael-wpforms eael-wpforms-align-left\">\n                                <div class=\"wpforms-container wpforms-container-full\" id=\"wpforms-4390\"><form id=\"wpforms-form-4390\" class=\"wpforms-validate wpforms-form\" data-formid=\"4390\" method=\"post\" enctype=\"multipart\/form-data\" action=\"\/fr\/wp-json\/wp\/v2\/pages\/6331\" data-token=\"f297fc035eb3c2002ae0b72a953a16b3\" data-token-time=\"1776525194\"><noscript class=\"wpforms-error-noscript\">Please enable JavaScript in your browser to complete this form.<\/noscript><div class=\"wpforms-field-container\"><div id=\"wpforms-4390-field_2-container\" class=\"wpforms-field wpforms-field-name\" data-field-id=\"2\"><label class=\"wpforms-field-label wpforms-label-hide\" for=\"wpforms-4390-field_2\">Pr\u00e9nom et Nom de famille <span class=\"wpforms-required-label\">*<\/span><\/label><div class=\"wpforms-field-row wpforms-field-large\"><div class=\"wpforms-field-row-block wpforms-first wpforms-one-half\"><input type=\"text\" id=\"wpforms-4390-field_2\" class=\"wpforms-field-name-first wpforms-field-required\" name=\"wpforms[fields][2][first]\" placeholder=\"Pr\u00e9nom*\" required><label for=\"wpforms-4390-field_2\" class=\"wpforms-field-sublabel after wpforms-sublabel-hide\">First<\/label><\/div><div class=\"wpforms-field-row-block wpforms-one-half\"><input type=\"text\" id=\"wpforms-4390-field_2-last\" class=\"wpforms-field-name-last wpforms-field-required\" name=\"wpforms[fields][2][last]\" placeholder=\"Nom de famille*\" required><label for=\"wpforms-4390-field_2-last\" class=\"wpforms-field-sublabel after wpforms-sublabel-hide\">Last<\/label><\/div><\/div><\/div><div id=\"wpforms-4390-field_6-container\" class=\"wpforms-field wpforms-field-email wpforms-one-half wpforms-first\" data-field-id=\"6\"><label class=\"wpforms-field-label wpforms-label-hide\" for=\"wpforms-4390-field_6\">Email <span class=\"wpforms-required-label\">*<\/span><\/label><input type=\"email\" id=\"wpforms-4390-field_6\" class=\"wpforms-field-medium wpforms-field-required\" name=\"wpforms[fields][6]\" placeholder=\"Adresse email*\" spellcheck=\"false\" required><\/div><div id=\"wpforms-4390-field_7-container\" class=\"wpforms-field wpforms-field-phone wpforms-one-half\" data-field-id=\"7\"><label class=\"wpforms-field-label wpforms-label-hide\" for=\"wpforms-4390-field_7\">T\u00e9l\u00e9phone* <span class=\"wpforms-required-label\">*<\/span><\/label><input type=\"tel\" id=\"wpforms-4390-field_7\" class=\"wpforms-field-medium wpforms-field-required wpforms-smart-phone-field\" data-rule-smart-phone-field=\"true\" name=\"wpforms[fields][7]\" placeholder=\"Num\u00e9ro de t\u00e9l\u00e9phone\" aria-label=\"T\u00e9l\u00e9phone*\" required><\/div><div id=\"wpforms-4390-field_31-container\" class=\"wpforms-field wpforms-field-select wpforms-conditional-trigger wpforms-field-select-style-classic\" data-field-id=\"31\"><label class=\"wpforms-field-label\" for=\"wpforms-4390-field_31\">S\u00e9lectionnez le sujet * <span class=\"wpforms-required-label\">*<\/span><\/label><select id=\"wpforms-4390-field_31\" class=\"wpforms-field-medium wpforms-field-required\" name=\"wpforms[fields][31]\" required=\"required\"><option value=\"\" class=\"placeholder\" disabled  selected='selected'>Aucun sujet s\u00e9lectionn\u00e9<\/option><option value=\"Demande du service d&#039;information\"  class=\"choice-9 depth-1\"  >Demande du service d'information<\/option><option value=\"Passer une commande\"  class=\"choice-4 depth-1\"  >Passer une commande<\/option><option value=\"Informations sur les conditions d&#039;achat\"  class=\"choice-5 depth-1\"  >Informations sur les conditions d'achat<\/option><option value=\"Question sur la boutique en ligne\"  class=\"choice-6 depth-1\"  >Question sur la boutique en ligne<\/option><option value=\"Demande de parrainage\"  class=\"choice-7 depth-1\"  >Demande de parrainage<\/option><option value=\"Question sur les factures \/ paiements\"  class=\"choice-8 depth-1\"  >Question sur les factures \/ paiements<\/option><option value=\"Enqu\u00eate administrative\"  class=\"choice-10 depth-1\"  >Enqu\u00eate administrative<\/option><option value=\"Soumettre une offre (service\/produit\/coop\u00e9ration)\"  class=\"choice-11 depth-1\"  >Soumettre une offre (service\/produit\/coop\u00e9ration)<\/option><option value=\"Informations m\u00e9dicales sur un produit\"  class=\"choice-2 depth-1\"  >Informations m\u00e9dicales sur un produit<\/option><option value=\"Signaler un effet ind\u00e9sirable d&#039;un m\u00e9dicament ou d&#039;un dispositif m\u00e9dical\"  class=\"choice-3 depth-1\"  >Signaler un effet ind\u00e9sirable d'un m\u00e9dicament ou d'un dispositif m\u00e9dical<\/option><\/select><\/div><div id=\"wpforms-4390-field_32-container\" class=\"wpforms-field wpforms-field-select wpforms-conditional-field wpforms-conditional-show wpforms-field-select-style-classic\" data-field-id=\"32\" style=\"display:none;\"><label class=\"wpforms-field-label\" for=\"wpforms-4390-field_32\">Nom du produit <span class=\"wpforms-required-label\">*<\/span><\/label><select id=\"wpforms-4390-field_32\" class=\"wpforms-field-medium wpforms-field-required\" name=\"wpforms[fields][32]\" required=\"required\"><option value=\"\" class=\"placeholder\" disabled  selected='selected'>Aucun sujet s\u00e9lectionn\u00e9<\/option><option value=\"Betnesol\"  class=\"choice-2 depth-1\"  >Betnesol<\/option><option value=\"Carnitene\"  class=\"choice-3 depth-1\"  >Carnitene<\/option><option value=\"Ceclor\"  class=\"choice-4 depth-1\"  >Ceclor<\/option><option value=\"Clensia\"  class=\"choice-5 depth-1\"  >Clensia<\/option><option value=\"Eltroxin-LF\"  class=\"choice-6 depth-1\"  >Eltroxin-LF<\/option><option value=\"Lodine\"  class=\"choice-7 depth-1\"  >Lodine<\/option><option value=\"ProIBS\"  class=\"choice-8 depth-1\"  >ProIBS<\/option><option value=\"Proxeed Plus \/ Proxeed Woman\"  class=\"choice-9 depth-1\"  >Proxeed Plus \/ Proxeed Woman<\/option><option value=\"Xifaxan\"  class=\"choice-10 depth-1\"  >Xifaxan<\/option><\/select><\/div><div id=\"wpforms-4390-field_33-container\" class=\"wpforms-field wpforms-field-select wpforms-conditional-field wpforms-conditional-show wpforms-field-select-style-classic\" data-field-id=\"33\" style=\"display:none;\"><label class=\"wpforms-field-label wpforms-label-hide\" for=\"wpforms-4390-field_33\">Nom du produit <span class=\"wpforms-required-label\">*<\/span><\/label><select id=\"wpforms-4390-field_33\" class=\"wpforms-field-medium wpforms-field-required\" name=\"wpforms[fields][33]\" required=\"required\"><option value=\"\" class=\"placeholder\" disabled  selected='selected'>Aucun sujet s\u00e9lectionn\u00e9<\/option><option value=\"Betnesol\"  class=\"choice-2 depth-1\"  >Betnesol<\/option><option value=\"Carnitene\"  class=\"choice-3 depth-1\"  >Carnitene<\/option><option value=\"Ceclor\"  class=\"choice-4 depth-1\"  >Ceclor<\/option><option value=\"Clensia\"  class=\"choice-5 depth-1\"  >Clensia<\/option><option value=\"Eltroxin-LF\"  class=\"choice-6 depth-1\"  >Eltroxin-LF<\/option><option value=\"Lodine\"  class=\"choice-7 depth-1\"  >Lodine<\/option><option value=\"ProIBS\"  class=\"choice-8 depth-1\"  >ProIBS<\/option><option value=\"Proxeed Plus \/ Proxeed Woman\"  class=\"choice-9 depth-1\"  >Proxeed Plus \/ Proxeed Woman<\/option><option value=\"Xifaxan\"  class=\"choice-10 depth-1\"  >Xifaxan<\/option><\/select><\/div><div id=\"wpforms-4390-field_34-container\" class=\"wpforms-field wpforms-field-select wpforms-conditional-field wpforms-conditional-show wpforms-field-select-style-classic\" data-field-id=\"34\" style=\"display:none;\"><label class=\"wpforms-field-label wpforms-label-hide\" for=\"wpforms-4390-field_34\">Nom du produit (copie) <span class=\"wpforms-required-label\">*<\/span><\/label><select id=\"wpforms-4390-field_34\" class=\"wpforms-field-medium wpforms-field-required\" name=\"wpforms[fields][34]\" required=\"required\"><option value=\"\" class=\"placeholder\" disabled  selected='selected'>Aucun sujet s\u00e9lectionn\u00e9<\/option><option value=\"Carnidyn\"  class=\"choice-2 depth-1\"  >Carnidyn<\/option><option value=\"ProIBS\"  class=\"choice-8 depth-1\"  >ProIBS<\/option><option value=\"Proxeed Plus \/ Proxeed Woman\"  class=\"choice-9 depth-1\"  >Proxeed Plus \/ Proxeed Woman<\/option><option value=\"Question sur la boutique en ligne\"  class=\"choice-10 depth-1\"  >Question sur la boutique en ligne<\/option><option value=\"Autre question administrative\"  class=\"choice-12 depth-1\"  >Autre question administrative<\/option><\/select><\/div><div id=\"wpforms-4390-field_30-container\" class=\"wpforms-field wpforms-field-text\" data-field-id=\"30\"><label class=\"wpforms-field-label wpforms-label-hide\" for=\"wpforms-4390-field_30\">Sujet* <span class=\"wpforms-required-label\">*<\/span><\/label><input type=\"text\" id=\"wpforms-4390-field_30\" class=\"wpforms-field-medium wpforms-field-required\" name=\"wpforms[fields][30]\" placeholder=\"Sujet*\" required><\/div><div id=\"wpforms-4390-field_17-container\" class=\"wpforms-field wpforms-field-textarea\" data-field-id=\"17\"><label class=\"wpforms-field-label wpforms-label-hide\" for=\"wpforms-4390-field_17\">Texte <span class=\"wpforms-required-label\">*<\/span><\/label><textarea id=\"wpforms-4390-field_17\" class=\"wpforms-field-medium wpforms-field-required\" name=\"wpforms[fields][17]\" placeholder=\"Texte*\" required><\/textarea><\/div><div id=\"wpforms-4390-field_19-container\" class=\"wpforms-field wpforms-field-checkbox\" data-field-id=\"19\"><label class=\"wpforms-field-label wpforms-label-hide\">Traitement des donn\u00e9es personnelles <span class=\"wpforms-required-label\">*<\/span><\/label><ul id=\"wpforms-4390-field_19\" class=\"wpforms-field-required\"><li class=\"choice-1 depth-1\"><input type=\"checkbox\" id=\"wpforms-4390-field_19_1\" name=\"wpforms[fields][19][]\" value=\"&lt;a href=&quot;https:\/\/ch.alfasigma.com\/fr\/politique-pharmacovigilance\/&quot;&gt;Je d\u00e9clare avoir lu attentivement et en toute connaissance de cause la note d&#039;information et avoir \u00e9t\u00e9 pleinement inform\u00e9 de mes droits&lt;\/a&gt;\" required ><label class=\"wpforms-field-label-inline\" for=\"wpforms-4390-field_19_1\"><a href=\"https:\/\/ch.alfasigma.com\/fr\/politique-pharmacovigilance\/\">Je d\u00e9clare avoir lu attentivement et en toute connaissance de cause la note d'information et avoir \u00e9t\u00e9 pleinement inform\u00e9 de mes droits<\/a><\/label><\/li><\/ul><\/div><\/div><!-- .wpforms-field-container --><div class=\"wpforms-recaptcha-container wpforms-is-recaptcha wpforms-is-recaptcha-type-v2\" ><div class=\"g-recaptcha\" data-sitekey=\"6LekHd8fAAAAAAgKZR3ZZhQF_sci_2FGfixlbc2F\"><\/div><input type=\"text\" name=\"g-recaptcha-hidden\" class=\"wpforms-recaptcha-hidden\" style=\"position:absolute!important;clip:rect(0,0,0,0)!important;height:1px!important;width:1px!important;border:0!important;overflow:hidden!important;padding:0!important;margin:0!important;\" data-rule-recaptcha=\"1\"><\/div><div class=\"wpforms-submit-container\" ><input type=\"hidden\" name=\"wpforms[id]\" value=\"4390\"><input type=\"hidden\" name=\"page_title\" value=\"\"><input type=\"hidden\" name=\"page_url\" value=\"https:\/\/ch.alfasigma.com\/fr\/wp-json\/wp\/v2\/pages\/6331\"><input type=\"hidden\" name=\"url_referer\" value=\"\"><button type=\"submit\" name=\"wpforms[submit]\" id=\"wpforms-submit-4390\" class=\"wpforms-submit\" data-alt-text=\"Envoi en cours ...\" data-submit-text=\"Envoyer\" aria-live=\"assertive\" value=\"wpforms-submit\">Envoyer<\/button><\/div><\/form><\/div>  <!-- .wpforms-container -->            <\/div>\n\t\t\t\t<\/div>\n\t\t\t\t<\/div>\n\t\t\t\t\t<\/div>\n\t\t<\/div>\n\t\t\t\t\t<\/div>\n\t\t<\/section>\n\t\t\t\t<\/div>\n\t\t","protected":false},"excerpt":{"rendered":"<p>Alfasigma Schweiz AG Alfasigma Schweiz AGLuzernerstrasse 2,4800 Zofingen, SwitzerlandTel. +41 627460505e-mail: info.ch@alfasigma.com Privacy Office: info.ch@alfasigma.com En cas d\u2019\u00e9v\u00e9nements ind\u00e9sirables li\u00e9s au m\u00e9dicament ou de tout autre probl\u00e8me li\u00e9 \u00e0 un m\u00e9dicament, veuillez contacter le bureau de pharmacovigilance d\u2019Alfasigma en remplissant le formulaire ici Vous avez une question \u00e0 nous poser ? Envoyez-nous un message - &hellip; <a href=\"https:\/\/ch.alfasigma.com\/fr\/contacts\/\">Continued<\/a><\/p>\n","protected":false},"author":1,"featured_media":0,"parent":0,"menu_order":0,"comment_status":"closed","ping_status":"closed","template":"","meta":{"_acf_changed":false,"footnotes":""},"class_list":["post-6331","page","type-page","status-publish","hentry"],"acf":[],"yoast_head":"<!-- This site is optimized with the Yoast SEO plugin v27.3 - https:\/\/yoast.com\/product\/yoast-seo-wordpress\/ -->\n<title>Alfasigma Schweiz - Contacts<\/title>\n<meta name=\"description\" content=\"Notre si\u00e8ge social et nos sites dans le monde entier\" \/>\n<meta name=\"robots\" content=\"index,follow\" \/>\n<link rel=\"canonical\" href=\"https:\/\/ch.alfasigma.com\/fr\/contacts\/\" \/>\n<meta property=\"og:locale\" content=\"fr_FR\" \/>\n<meta property=\"og:type\" content=\"article\" \/>\n<meta property=\"og:title\" content=\"Alfasigma Schweiz - Contacts\" \/>\n<meta property=\"og:description\" content=\"Notre si\u00e8ge social et nos sites dans le monde entier\" \/>\n<meta property=\"og:url\" content=\"https:\/\/ch.alfasigma.com\/fr\/contacts\/\" \/>\n<meta property=\"og:site_name\" content=\"Alfasigma Schweiz\" \/>\n<meta property=\"article:modified_time\" content=\"2025-01-17T14:15:38+00:00\" \/>\n<meta name=\"twitter:card\" content=\"summary_large_image\" \/>\n<meta name=\"twitter:label1\" content=\"Est. reading time\" \/>\n\t<meta name=\"twitter:data1\" content=\"2 minutes\" \/>\n<script type=\"application\/ld+json\" class=\"yoast-schema-graph\">{\"@context\":\"https:\\\/\\\/schema.org\",\"@graph\":[{\"@type\":\"WebPage\",\"@id\":\"https:\\\/\\\/ch.alfasigma.com\\\/fr\\\/contacts\\\/\",\"url\":\"https:\\\/\\\/ch.alfasigma.com\\\/fr\\\/contacts\\\/\",\"name\":\"Alfasigma Schweiz - Contacts\",\"isPartOf\":{\"@id\":\"https:\\\/\\\/ch.alfasigma.com\\\/fr\\\/#website\"},\"datePublished\":\"2020-04-07T13:23:19+00:00\",\"dateModified\":\"2025-01-17T14:15:38+00:00\",\"description\":\"Notre si\u00e8ge social et nos sites dans le monde entier\",\"breadcrumb\":{\"@id\":\"https:\\\/\\\/ch.alfasigma.com\\\/fr\\\/contacts\\\/#breadcrumb\"},\"inLanguage\":\"fr-CH\",\"potentialAction\":[{\"@type\":\"ReadAction\",\"target\":[\"https:\\\/\\\/ch.alfasigma.com\\\/fr\\\/contacts\\\/\"]}]},{\"@type\":\"BreadcrumbList\",\"@id\":\"https:\\\/\\\/ch.alfasigma.com\\\/fr\\\/contacts\\\/#breadcrumb\",\"itemListElement\":[{\"@type\":\"ListItem\",\"position\":1,\"name\":\"Home\",\"item\":\"https:\\\/\\\/ch.alfasigma.com\\\/fr\\\/\"},{\"@type\":\"ListItem\",\"position\":2,\"name\":\"Contacts\"}]},{\"@type\":\"WebSite\",\"@id\":\"https:\\\/\\\/ch.alfasigma.com\\\/fr\\\/#website\",\"url\":\"https:\\\/\\\/ch.alfasigma.com\\\/fr\\\/\",\"name\":\"Alfasigma Schweiz\",\"description\":\"Pharmaceuticals with passion\",\"potentialAction\":[{\"@type\":\"SearchAction\",\"target\":{\"@type\":\"EntryPoint\",\"urlTemplate\":\"https:\\\/\\\/ch.alfasigma.com\\\/fr\\\/?s={search_term_string}\"},\"query-input\":{\"@type\":\"PropertyValueSpecification\",\"valueRequired\":true,\"valueName\":\"search_term_string\"}}],\"inLanguage\":\"fr-CH\"}]}<\/script>\n<!-- \/ Yoast SEO plugin. -->","yoast_head_json":{"title":"Alfasigma Schweiz - Contacts","description":"Notre si\u00e8ge social et nos sites dans le monde entier","robots":{"index,follow":"index,follow"},"canonical":"https:\/\/ch.alfasigma.com\/fr\/contacts\/","og_locale":"fr_FR","og_type":"article","og_title":"Alfasigma Schweiz - Contacts","og_description":"Notre si\u00e8ge social et nos sites dans le monde entier","og_url":"https:\/\/ch.alfasigma.com\/fr\/contacts\/","og_site_name":"Alfasigma Schweiz","article_modified_time":"2025-01-17T14:15:38+00:00","twitter_card":"summary_large_image","twitter_misc":{"Est. reading time":"2 minutes"},"schema":{"@context":"https:\/\/schema.org","@graph":[{"@type":"WebPage","@id":"https:\/\/ch.alfasigma.com\/fr\/contacts\/","url":"https:\/\/ch.alfasigma.com\/fr\/contacts\/","name":"Alfasigma Schweiz - Contacts","isPartOf":{"@id":"https:\/\/ch.alfasigma.com\/fr\/#website"},"datePublished":"2020-04-07T13:23:19+00:00","dateModified":"2025-01-17T14:15:38+00:00","description":"Notre si\u00e8ge social et nos sites dans le monde entier","breadcrumb":{"@id":"https:\/\/ch.alfasigma.com\/fr\/contacts\/#breadcrumb"},"inLanguage":"fr-CH","potentialAction":[{"@type":"ReadAction","target":["https:\/\/ch.alfasigma.com\/fr\/contacts\/"]}]},{"@type":"BreadcrumbList","@id":"https:\/\/ch.alfasigma.com\/fr\/contacts\/#breadcrumb","itemListElement":[{"@type":"ListItem","position":1,"name":"Home","item":"https:\/\/ch.alfasigma.com\/fr\/"},{"@type":"ListItem","position":2,"name":"Contacts"}]},{"@type":"WebSite","@id":"https:\/\/ch.alfasigma.com\/fr\/#website","url":"https:\/\/ch.alfasigma.com\/fr\/","name":"Alfasigma Schweiz","description":"Pharmaceuticals with passion","potentialAction":[{"@type":"SearchAction","target":{"@type":"EntryPoint","urlTemplate":"https:\/\/ch.alfasigma.com\/fr\/?s={search_term_string}"},"query-input":{"@type":"PropertyValueSpecification","valueRequired":true,"valueName":"search_term_string"}}],"inLanguage":"fr-CH"}]}},"_links":{"self":[{"href":"https:\/\/ch.alfasigma.com\/fr\/wp-json\/wp\/v2\/pages\/6331","targetHints":{"allow":["GET"]}}],"collection":[{"href":"https:\/\/ch.alfasigma.com\/fr\/wp-json\/wp\/v2\/pages"}],"about":[{"href":"https:\/\/ch.alfasigma.com\/fr\/wp-json\/wp\/v2\/types\/page"}],"author":[{"embeddable":true,"href":"https:\/\/ch.alfasigma.com\/fr\/wp-json\/wp\/v2\/users\/1"}],"replies":[{"embeddable":true,"href":"https:\/\/ch.alfasigma.com\/fr\/wp-json\/wp\/v2\/comments?post=6331"}],"version-history":[{"count":9,"href":"https:\/\/ch.alfasigma.com\/fr\/wp-json\/wp\/v2\/pages\/6331\/revisions"}],"predecessor-version":[{"id":7778,"href":"https:\/\/ch.alfasigma.com\/fr\/wp-json\/wp\/v2\/pages\/6331\/revisions\/7778"}],"wp:attachment":[{"href":"https:\/\/ch.alfasigma.com\/fr\/wp-json\/wp\/v2\/media?parent=6331"}],"curies":[{"name":"wp","href":"https:\/\/api.w.org\/{rel}","templated":true}]}}