{"id":1275,"date":"2020-06-23T09:49:24","date_gmt":"2020-06-23T09:49:24","guid":{"rendered":"https:\/\/ch.alfasigma.com\/?page_id=1275"},"modified":"2022-09-02T09:15:00","modified_gmt":"2022-09-02T09:15:00","slug":"i-nostri-valori","status":"publish","type":"page","link":"https:\/\/ch.alfasigma.com\/it\/chi-siamo\/i-nostri-valori\/","title":{"rendered":"I nostri valori"},"content":{"rendered":"\t\t<div data-elementor-type=\"wp-page\" data-elementor-id=\"1275\" class=\"elementor elementor-1275\" data-elementor-post-type=\"page\">\n\t\t\t\t\t\t<section class=\"elementor-section elementor-top-section elementor-element elementor-element-f2a4cc0 elementor-section-stretched elementor-section-height-min-height elementor-section-items-top elementor-section-boxed elementor-section-height-default\" data-id=\"f2a4cc0\" data-element_type=\"section\" data-e-type=\"section\" data-settings=\"{&quot;stretch_section&quot;:&quot;section-stretched&quot;,&quot;background_background&quot;:&quot;classic&quot;}\">\n\t\t\t\t\t\t\t<div class=\"elementor-background-overlay\"><\/div>\n\t\t\t\t\t\t\t<div class=\"elementor-container elementor-column-gap-default\">\n\t\t\t\t\t<div class=\"elementor-column elementor-col-100 elementor-top-column elementor-element elementor-element-9bf0525\" data-id=\"9bf0525\" data-element_type=\"column\" data-e-type=\"column\">\n\t\t\t<div class=\"elementor-widget-wrap elementor-element-populated\">\n\t\t\t\t\t\t<div class=\"elementor-element elementor-element-11d1e2d text-white font-weight-normal elementor-invisible elementor-widget elementor-widget-heading\" data-id=\"11d1e2d\" data-element_type=\"widget\" data-e-type=\"widget\" data-settings=\"{&quot;_animation&quot;:&quot;slideInLeft&quot;}\" data-widget_type=\"heading.default\">\n\t\t\t\t<div class=\"elementor-widget-container\">\n\t\t\t\t\t<p class=\"elementor-heading-title elementor-size-default\">Chi siamo \/ I nostri valori<\/p>\t\t\t\t<\/div>\n\t\t\t\t<\/div>\n\t\t\t\t<div class=\"elementor-element elementor-element-0e2b855 text-white elementor-invisible elementor-widget elementor-widget-heading\" data-id=\"0e2b855\" data-element_type=\"widget\" data-e-type=\"widget\" data-settings=\"{&quot;_animation&quot;:&quot;slideInLeft&quot;}\" data-widget_type=\"heading.default\">\n\t\t\t\t<div class=\"elementor-widget-container\">\n\t\t\t\t\t<h1 class=\"elementor-heading-title elementor-size-default\">Integrit\u00e0, tenacia, passione<\/h1>\t\t\t\t<\/div>\n\t\t\t\t<\/div>\n\t\t\t\t\t<\/div>\n\t\t<\/div>\n\t\t\t\t\t<\/div>\n\t\t<\/section>\n\t\t\t\t<section class=\"elementor-section elementor-top-section elementor-element elementor-element-ed5fb1f elementor-section-boxed elementor-section-height-default elementor-section-height-default\" data-id=\"ed5fb1f\" data-element_type=\"section\" data-e-type=\"section\">\n\t\t\t\t\t\t<div class=\"elementor-container elementor-column-gap-default\">\n\t\t\t\t\t<div class=\"elementor-column elementor-col-100 elementor-top-column elementor-element elementor-element-34e7c43 elementor-invisible\" data-id=\"34e7c43\" data-element_type=\"column\" data-e-type=\"column\" data-settings=\"{&quot;animation&quot;:&quot;fadeIn&quot;}\">\n\t\t\t<div class=\"elementor-widget-wrap elementor-element-populated\">\n\t\t\t\t\t\t<div class=\"elementor-element elementor-element-94c11e0 elementor-widget elementor-widget-text-editor\" data-id=\"94c11e0\" data-element_type=\"widget\" data-e-type=\"widget\" data-widget_type=\"text-editor.default\">\n\t\t\t\t<div class=\"elementor-widget-container\">\n\t\t\t\t\t\t\t\t\t<p>La nostra cultura aziendale si fonda su tre valori centrali: integrit\u00e0, tenacia e passione.<\/p><p><strong>Integrit\u00e0<\/strong> significa che chiediamo ai nostri dipendenti, manager e collaboratori di operare in modo trasparente, rispettoso e onesto, assumendo sempre la responsabilit\u00e0 delle proprie azioni. Non scendere a compromessi in questo senso \u00e8 ci\u00f2 che consente ad Alfasigma di preservare la propria reputazione di azienda composta da persone corrette e responsabili.<\/p><p>La <strong>tenacia<\/strong> \u00e8 ben rappresentata dal motto aziendale \u2018Non mollare mai\u2019. Chiediamo a tutte le persone di Alfasigma un approccio perseverante e tenace in ogni progetto e attivit\u00e0. La storia dell\u2019azienda ha radici profonde nella tenacia dei nostri dipendenti, cos\u00ec come nell\u2019estrema resilienza che alcuni nostri prodotti dimostrano da oltre 70 anni.<\/p><p><strong>\u201cPharmaceuticals with passion\u201d<\/strong> \u00e8 il nostro payoff istituzionale. Siamo fortemente convinti che le persone, se spinte dalla passione per il proprio lavoro, possano compiere sempre un passo in pi\u00f9. La passione \u00e8 in tutto ci\u00f2 che facciamo, nei nostri prodotti e nell\u2019impatto che hanno sui pazienti. Una passione made in Italy.<\/p><p>Chiediamo ai nostri dipendenti di aderire ai valori aziendali. A tale scopo abbiamo formalizzato un set di standard comportamentali, che rappresentano una bussola per prendere decisioni e facilitare l\u2019esercizio del proprio ruolo in azienda.<br \/>Messo in pratica con costanza e proattivit\u00e0 il nostro <a href=\"https:\/\/ch.alfasigma.com\/chi-siamo\/il-modello-di-leadership\/\"><strong>Leadership model<\/strong>\u00a0<\/a>permette ai nostri dipendenti di arricchire le proprie competenze, sviluppare il proprio talento e accrescere il contributo individuale.<\/p>\t\t\t\t\t\t\t\t<\/div>\n\t\t\t\t<\/div>\n\t\t\t\t\t<\/div>\n\t\t<\/div>\n\t\t\t\t\t<\/div>\n\t\t<\/section>\n\t\t\t\t<section class=\"elementor-section elementor-top-section elementor-element elementor-element-d6dba9c bg-primary elementor-section-boxed elementor-section-height-default elementor-section-height-default\" data-id=\"d6dba9c\" data-element_type=\"section\" data-e-type=\"section\">\n\t\t\t\t\t\t<div class=\"elementor-container elementor-column-gap-extended\">\n\t\t\t\t\t<div class=\"elementor-column elementor-col-100 elementor-top-column elementor-element elementor-element-04d3c9e elementor-invisible\" data-id=\"04d3c9e\" data-element_type=\"column\" data-e-type=\"column\" data-settings=\"{&quot;animation&quot;:&quot;fadeIn&quot;}\">\n\t\t\t<div class=\"elementor-widget-wrap elementor-element-populated\">\n\t\t\t\t\t\t<div class=\"elementor-element elementor-element-46fd1d2 elementor-widget elementor-widget-heading\" data-id=\"46fd1d2\" data-element_type=\"widget\" data-e-type=\"widget\" data-widget_type=\"heading.default\">\n\t\t\t\t<div class=\"elementor-widget-container\">\n\t\t\t\t\t<h3 class=\"elementor-heading-title elementor-size-default\">Scopri di pi\u00f9<\/h3>\t\t\t\t<\/div>\n\t\t\t\t<\/div>\n\t\t\t\t\t<\/div>\n\t\t<\/div>\n\t\t\t\t\t<\/div>\n\t\t<\/section>\n\t\t\t\t<section class=\"elementor-section elementor-top-section elementor-element elementor-element-b464e3c bg-primary elementor-section-boxed elementor-section-height-default elementor-section-height-default\" data-id=\"b464e3c\" data-element_type=\"section\" data-e-type=\"section\" data-settings=\"{&quot;animation&quot;:&quot;none&quot;}\">\n\t\t\t\t\t\t<div class=\"elementor-container elementor-column-gap-extended\">\n\t\t\t\t\t<div class=\"elementor-column elementor-col-33 elementor-top-column elementor-element elementor-element-4191022 elementor-invisible\" data-id=\"4191022\" data-element_type=\"column\" data-e-type=\"column\" data-settings=\"{&quot;animation&quot;:&quot;zoomIn&quot;}\">\n\t\t\t<div class=\"elementor-widget-wrap elementor-element-populated\">\n\t\t\t\t\t\t<div class=\"elementor-element elementor-element-a2564fe elementor-cta--skin-classic elementor-animated-content elementor-bg-transform elementor-bg-transform-zoom-in elementor-widget elementor-widget-call-to-action\" data-id=\"a2564fe\" data-element_type=\"widget\" data-e-type=\"widget\" data-widget_type=\"call-to-action.default\">\n\t\t\t\t<div class=\"elementor-widget-container\">\n\t\t\t\t\t\t\t<a class=\"elementor-cta\" href=\"https:\/\/ch.alfasigma.com\/chi-siamo\/il-modello-di-leadership\/\">\n\t\t\t\t\t<div class=\"elementor-cta__bg-wrapper\">\n\t\t\t\t<div class=\"elementor-cta__bg elementor-bg\" style=\"background-image: url(https:\/\/ch.alfasigma.com\/wp-content\/uploads\/2020\/06\/02B-cover_Leadership-model_1920x1080-scaled.jpg);\" role=\"img\" aria-label=\"02B-cover_Leadership-model_1920x1080\"><\/div>\n\t\t\t\t<div class=\"elementor-cta__bg-overlay\"><\/div>\n\t\t\t<\/div>\n\t\t\t\t\t\t\t\t<\/a>\n\t\t\t\t\t\t<\/div>\n\t\t\t\t<\/div>\n\t\t\t\t<div class=\"elementor-element elementor-element-ea02c21 elementor-widget elementor-widget-heading\" data-id=\"ea02c21\" data-element_type=\"widget\" data-e-type=\"widget\" data-widget_type=\"heading.default\">\n\t\t\t\t<div class=\"elementor-widget-container\">\n\t\t\t\t\t<h4 class=\"elementor-heading-title elementor-size-default\"><a href=\"https:\/\/ch.alfasigma.com\/chi-siamo\/il-modello-di-leadership\/\">Modello di Leadership<\/a><\/h4>\t\t\t\t<\/div>\n\t\t\t\t<\/div>\n\t\t\t\t<div class=\"elementor-element elementor-element-f4abcb7 elementor-widget elementor-widget-text-editor\" data-id=\"f4abcb7\" data-element_type=\"widget\" data-e-type=\"widget\" data-widget_type=\"text-editor.default\">\n\t\t\t\t<div class=\"elementor-widget-container\">\n\t\t\t\t\t\t\t\t\t<p>Nel 2019 Alfasigma ha adottato un nuovo modello di leadership che prescrive cinque comportamenti da mettere in pratica quotidianamente.\u00a0<\/p>\t\t\t\t\t\t\t\t<\/div>\n\t\t\t\t<\/div>\n\t\t\t\t\t<\/div>\n\t\t<\/div>\n\t\t\t\t<div class=\"elementor-column elementor-col-33 elementor-top-column elementor-element elementor-element-904b84a elementor-invisible\" data-id=\"904b84a\" data-element_type=\"column\" data-e-type=\"column\" data-settings=\"{&quot;animation&quot;:&quot;fadeIn&quot;}\">\n\t\t\t<div class=\"elementor-widget-wrap elementor-element-populated\">\n\t\t\t\t\t\t<div class=\"elementor-element elementor-element-151d693 elementor-cta--skin-classic elementor-animated-content elementor-bg-transform elementor-bg-transform-zoom-in elementor-widget elementor-widget-call-to-action\" data-id=\"151d693\" data-element_type=\"widget\" data-e-type=\"widget\" data-widget_type=\"call-to-action.default\">\n\t\t\t\t<div class=\"elementor-widget-container\">\n\t\t\t\t\t\t\t<a class=\"elementor-cta\" href=\"https:\/\/ch.alfasigma.com\/chi-siamo\/our-people\/\">\n\t\t\t\t\t<div class=\"elementor-cta__bg-wrapper\">\n\t\t\t\t<div class=\"elementor-cta__bg elementor-bg\" style=\"background-image: url(https:\/\/ch.alfasigma.com\/wp-content\/uploads\/2020\/07\/our-people.alfasigma.jpg);\" role=\"img\" aria-label=\"our-people.alfasigma\"><\/div>\n\t\t\t\t<div class=\"elementor-cta__bg-overlay\"><\/div>\n\t\t\t<\/div>\n\t\t\t\t\t\t\t\t<\/a>\n\t\t\t\t\t\t<\/div>\n\t\t\t\t<\/div>\n\t\t\t\t<div class=\"elementor-element elementor-element-43d3dd8 elementor-widget elementor-widget-heading\" data-id=\"43d3dd8\" data-element_type=\"widget\" data-e-type=\"widget\" data-widget_type=\"heading.default\">\n\t\t\t\t<div class=\"elementor-widget-container\">\n\t\t\t\t\t<h4 class=\"elementor-heading-title elementor-size-default\"><a href=\"https:\/\/ch.alfasigma.com\/chi-siamo\/our-people\/\">Our People<\/a><\/h4>\t\t\t\t<\/div>\n\t\t\t\t<\/div>\n\t\t\t\t<div class=\"elementor-element elementor-element-db8cf71 elementor-widget elementor-widget-text-editor\" data-id=\"db8cf71\" data-element_type=\"widget\" data-e-type=\"widget\" data-widget_type=\"text-editor.default\">\n\t\t\t\t<div class=\"elementor-widget-container\">\n\t\t\t\t\t\t\t\t\t<p>Alfasigma \u00e8 un luogo in cui puoi lasciare il segno, se condividi i valori aziendali e gli standard di comportamento.\u00a0<\/p>\t\t\t\t\t\t\t\t<\/div>\n\t\t\t\t<\/div>\n\t\t\t\t\t<\/div>\n\t\t<\/div>\n\t\t\t\t<div class=\"elementor-column elementor-col-33 elementor-top-column elementor-element elementor-element-b59f571 elementor-invisible\" data-id=\"b59f571\" data-element_type=\"column\" data-e-type=\"column\" data-settings=\"{&quot;animation&quot;:&quot;zoomIn&quot;}\">\n\t\t\t<div class=\"elementor-widget-wrap elementor-element-populated\">\n\t\t\t\t\t\t<div class=\"elementor-element elementor-element-43bfaeb elementor-cta--skin-classic elementor-animated-content elementor-bg-transform elementor-bg-transform-zoom-in elementor-widget elementor-widget-call-to-action\" data-id=\"43bfaeb\" data-element_type=\"widget\" data-e-type=\"widget\" data-widget_type=\"call-to-action.default\">\n\t\t\t\t<div class=\"elementor-widget-container\">\n\t\t\t\t\t\t\t<a class=\"elementor-cta\" href=\"https:\/\/ch.alfasigma.com\/responsabilita\/\">\n\t\t\t\t\t<div class=\"elementor-cta__bg-wrapper\">\n\t\t\t\t<div class=\"elementor-cta__bg elementor-bg\" style=\"background-image: url(https:\/\/ch.alfasigma.com\/wp-content\/uploads\/2020\/09\/RTS3HX5V.jpg);\" role=\"img\" aria-label=\"RTS3HX5V\"><\/div>\n\t\t\t\t<div class=\"elementor-cta__bg-overlay\"><\/div>\n\t\t\t<\/div>\n\t\t\t\t\t\t\t\t<\/a>\n\t\t\t\t\t\t<\/div>\n\t\t\t\t<\/div>\n\t\t\t\t<div class=\"elementor-element elementor-element-008e41e elementor-widget elementor-widget-heading\" data-id=\"008e41e\" data-element_type=\"widget\" data-e-type=\"widget\" data-widget_type=\"heading.default\">\n\t\t\t\t<div class=\"elementor-widget-container\">\n\t\t\t\t\t<h4 class=\"elementor-heading-title elementor-size-default\"><a href=\"https:\/\/ch.alfasigma.com\/responsabilita\/\">Responsabilit\u00e0<\/a><\/h4>\t\t\t\t<\/div>\n\t\t\t\t<\/div>\n\t\t\t\t<div class=\"elementor-element elementor-element-c9e5fd1 elementor-widget elementor-widget-text-editor\" data-id=\"c9e5fd1\" data-element_type=\"widget\" data-e-type=\"widget\" data-widget_type=\"text-editor.default\">\n\t\t\t\t<div class=\"elementor-widget-container\">\n\t\t\t\t\t\t\t\t\t<p>Durante l\u2019emergenza Covid-19, Alfasigma si \u00e8 impegnata per consolidare e mantenere i rapporti con gli stakeholder supportandoli, attraverso numerose iniziative in tutto il mondo.\u00a0<\/p>\t\t\t\t\t\t\t\t<\/div>\n\t\t\t\t<\/div>\n\t\t\t\t\t<\/div>\n\t\t<\/div>\n\t\t\t\t\t<\/div>\n\t\t<\/section>\n\t\t\t\t<\/div>\n\t\t","protected":false},"excerpt":{"rendered":"<p>Chi siamo \/ I nostri valori Integrit\u00e0, tenacia, passione La nostra cultura aziendale si fonda su tre valori centrali: integrit\u00e0, tenacia e passione. Integrit\u00e0 significa che chiediamo ai nostri dipendenti, manager e collaboratori di operare in modo trasparente, rispettoso e onesto, assumendo sempre la responsabilit\u00e0 delle proprie azioni. Non scendere a compromessi in questo senso &hellip; <a href=\"https:\/\/ch.alfasigma.com\/it\/chi-siamo\/i-nostri-valori\/\">Continued<\/a><\/p>\n","protected":false},"author":1,"featured_media":1894,"parent":104,"menu_order":0,"comment_status":"closed","ping_status":"closed","template":"views\/template-custom.blade.php","meta":{"_acf_changed":false,"footnotes":""},"class_list":["post-1275","page","type-page","status-publish","has-post-thumbnail","hentry"],"acf":[],"yoast_head":"<!-- This site is optimized with the Yoast SEO plugin v27.3 - https:\/\/yoast.com\/product\/yoast-seo-wordpress\/ -->\n<title>Alfasigma Schweiz - I nostri valori<\/title>\n<meta name=\"description\" content=\"La cultura di Alfasigma \u00e8 incentrata su tre valori: integrit\u00e0, tenacia e passione, che svolgono un ruolo di guida per ogni persona in azienda\" \/>\n<meta name=\"robots\" content=\"index,follow\" \/>\n<link rel=\"canonical\" href=\"https:\/\/ch.alfasigma.com\/it\/chi-siamo\/i-nostri-valori\/\" \/>\n<meta property=\"og:locale\" content=\"it_IT\" \/>\n<meta property=\"og:type\" content=\"article\" \/>\n<meta property=\"og:title\" content=\"Alfasigma Schweiz - I nostri valori\" \/>\n<meta property=\"og:description\" content=\"La cultura di Alfasigma \u00e8 incentrata su tre valori: integrit\u00e0, tenacia e passione, che svolgono un ruolo di guida per ogni persona in azienda\" \/>\n<meta property=\"og:url\" content=\"https:\/\/ch.alfasigma.com\/it\/chi-siamo\/i-nostri-valori\/\" \/>\n<meta property=\"og:site_name\" content=\"Alfasigma Schweiz\" \/>\n<meta property=\"article:modified_time\" content=\"2022-09-02T09:15:00+00:00\" \/>\n<meta property=\"og:image\" content=\"https:\/\/ch.alfasigma.com\/wp-content\/uploads\/2020\/07\/2019-12-19_AlfaSigma_36-dida-1.jpg\" \/>\n\t<meta property=\"og:image:width\" content=\"1920\" \/>\n\t<meta property=\"og:image:height\" content=\"1080\" \/>\n\t<meta property=\"og:image:type\" content=\"image\/jpeg\" \/>\n<meta name=\"twitter:card\" content=\"summary_large_image\" \/>\n<meta name=\"twitter:label1\" content=\"Est. reading time\" \/>\n\t<meta name=\"twitter:data1\" content=\"2 minutes\" \/>\n<script type=\"application\/ld+json\" class=\"yoast-schema-graph\">{\"@context\":\"https:\\\/\\\/schema.org\",\"@graph\":[{\"@type\":\"WebPage\",\"@id\":\"https:\\\/\\\/ch.alfasigma.com\\\/it\\\/chi-siamo\\\/i-nostri-valori\\\/\",\"url\":\"https:\\\/\\\/ch.alfasigma.com\\\/it\\\/chi-siamo\\\/i-nostri-valori\\\/\",\"name\":\"Alfasigma Schweiz - I nostri valori\",\"isPartOf\":{\"@id\":\"https:\\\/\\\/ch.alfasigma.com\\\/it\\\/#website\"},\"primaryImageOfPage\":{\"@id\":\"https:\\\/\\\/ch.alfasigma.com\\\/it\\\/chi-siamo\\\/i-nostri-valori\\\/#primaryimage\"},\"image\":{\"@id\":\"https:\\\/\\\/ch.alfasigma.com\\\/it\\\/chi-siamo\\\/i-nostri-valori\\\/#primaryimage\"},\"thumbnailUrl\":\"https:\\\/\\\/ch.alfasigma.com\\\/wp-content\\\/uploads\\\/2020\\\/07\\\/2019-12-19_AlfaSigma_36-dida-1.jpg\",\"datePublished\":\"2020-06-23T09:49:24+00:00\",\"dateModified\":\"2022-09-02T09:15:00+00:00\",\"description\":\"La cultura di Alfasigma \u00e8 incentrata su tre valori: integrit\u00e0, tenacia e passione, che svolgono un ruolo di guida per ogni persona in azienda\",\"breadcrumb\":{\"@id\":\"https:\\\/\\\/ch.alfasigma.com\\\/it\\\/chi-siamo\\\/i-nostri-valori\\\/#breadcrumb\"},\"inLanguage\":\"it-CH\",\"potentialAction\":[{\"@type\":\"ReadAction\",\"target\":[\"https:\\\/\\\/ch.alfasigma.com\\\/it\\\/chi-siamo\\\/i-nostri-valori\\\/\"]}]},{\"@type\":\"ImageObject\",\"inLanguage\":\"it-CH\",\"@id\":\"https:\\\/\\\/ch.alfasigma.com\\\/it\\\/chi-siamo\\\/i-nostri-valori\\\/#primaryimage\",\"url\":\"https:\\\/\\\/ch.alfasigma.com\\\/wp-content\\\/uploads\\\/2020\\\/07\\\/2019-12-19_AlfaSigma_36-dida-1.jpg\",\"contentUrl\":\"https:\\\/\\\/ch.alfasigma.com\\\/wp-content\\\/uploads\\\/2020\\\/07\\\/2019-12-19_AlfaSigma_36-dida-1.jpg\",\"width\":1920,\"height\":1080},{\"@type\":\"BreadcrumbList\",\"@id\":\"https:\\\/\\\/ch.alfasigma.com\\\/it\\\/chi-siamo\\\/i-nostri-valori\\\/#breadcrumb\",\"itemListElement\":[{\"@type\":\"ListItem\",\"position\":1,\"name\":\"Home\",\"item\":\"https:\\\/\\\/ch.alfasigma.com\\\/it\\\/\"},{\"@type\":\"ListItem\",\"position\":2,\"name\":\"Chi siamo\",\"item\":\"https:\\\/\\\/ch.alfasigma.com\\\/it\\\/chi-siamo\\\/\"},{\"@type\":\"ListItem\",\"position\":3,\"name\":\"I nostri valori\"}]},{\"@type\":\"WebSite\",\"@id\":\"https:\\\/\\\/ch.alfasigma.com\\\/it\\\/#website\",\"url\":\"https:\\\/\\\/ch.alfasigma.com\\\/it\\\/\",\"name\":\"Alfasigma Schweiz\",\"description\":\"Pharmaceuticals with passion\",\"potentialAction\":[{\"@type\":\"SearchAction\",\"target\":{\"@type\":\"EntryPoint\",\"urlTemplate\":\"https:\\\/\\\/ch.alfasigma.com\\\/it\\\/?s={search_term_string}\"},\"query-input\":{\"@type\":\"PropertyValueSpecification\",\"valueRequired\":true,\"valueName\":\"search_term_string\"}}],\"inLanguage\":\"it-CH\"}]}<\/script>\n<!-- \/ Yoast SEO plugin. -->","yoast_head_json":{"title":"Alfasigma Schweiz - I nostri valori","description":"La cultura di Alfasigma \u00e8 incentrata su tre valori: integrit\u00e0, tenacia e passione, che svolgono un ruolo di guida per ogni persona in azienda","robots":{"index,follow":"index,follow"},"canonical":"https:\/\/ch.alfasigma.com\/it\/chi-siamo\/i-nostri-valori\/","og_locale":"it_IT","og_type":"article","og_title":"Alfasigma Schweiz - I nostri valori","og_description":"La cultura di Alfasigma \u00e8 incentrata su tre valori: integrit\u00e0, tenacia e passione, che svolgono un ruolo di guida per ogni persona in azienda","og_url":"https:\/\/ch.alfasigma.com\/it\/chi-siamo\/i-nostri-valori\/","og_site_name":"Alfasigma Schweiz","article_modified_time":"2022-09-02T09:15:00+00:00","og_image":[{"width":1920,"height":1080,"url":"https:\/\/ch.alfasigma.com\/wp-content\/uploads\/2020\/07\/2019-12-19_AlfaSigma_36-dida-1.jpg","type":"image\/jpeg"}],"twitter_card":"summary_large_image","twitter_misc":{"Est. reading time":"2 minutes"},"schema":{"@context":"https:\/\/schema.org","@graph":[{"@type":"WebPage","@id":"https:\/\/ch.alfasigma.com\/it\/chi-siamo\/i-nostri-valori\/","url":"https:\/\/ch.alfasigma.com\/it\/chi-siamo\/i-nostri-valori\/","name":"Alfasigma Schweiz - I nostri valori","isPartOf":{"@id":"https:\/\/ch.alfasigma.com\/it\/#website"},"primaryImageOfPage":{"@id":"https:\/\/ch.alfasigma.com\/it\/chi-siamo\/i-nostri-valori\/#primaryimage"},"image":{"@id":"https:\/\/ch.alfasigma.com\/it\/chi-siamo\/i-nostri-valori\/#primaryimage"},"thumbnailUrl":"https:\/\/ch.alfasigma.com\/wp-content\/uploads\/2020\/07\/2019-12-19_AlfaSigma_36-dida-1.jpg","datePublished":"2020-06-23T09:49:24+00:00","dateModified":"2022-09-02T09:15:00+00:00","description":"La cultura di Alfasigma \u00e8 incentrata su tre valori: integrit\u00e0, tenacia e passione, che svolgono un ruolo di guida per ogni persona in azienda","breadcrumb":{"@id":"https:\/\/ch.alfasigma.com\/it\/chi-siamo\/i-nostri-valori\/#breadcrumb"},"inLanguage":"it-CH","potentialAction":[{"@type":"ReadAction","target":["https:\/\/ch.alfasigma.com\/it\/chi-siamo\/i-nostri-valori\/"]}]},{"@type":"ImageObject","inLanguage":"it-CH","@id":"https:\/\/ch.alfasigma.com\/it\/chi-siamo\/i-nostri-valori\/#primaryimage","url":"https:\/\/ch.alfasigma.com\/wp-content\/uploads\/2020\/07\/2019-12-19_AlfaSigma_36-dida-1.jpg","contentUrl":"https:\/\/ch.alfasigma.com\/wp-content\/uploads\/2020\/07\/2019-12-19_AlfaSigma_36-dida-1.jpg","width":1920,"height":1080},{"@type":"BreadcrumbList","@id":"https:\/\/ch.alfasigma.com\/it\/chi-siamo\/i-nostri-valori\/#breadcrumb","itemListElement":[{"@type":"ListItem","position":1,"name":"Home","item":"https:\/\/ch.alfasigma.com\/it\/"},{"@type":"ListItem","position":2,"name":"Chi siamo","item":"https:\/\/ch.alfasigma.com\/it\/chi-siamo\/"},{"@type":"ListItem","position":3,"name":"I nostri valori"}]},{"@type":"WebSite","@id":"https:\/\/ch.alfasigma.com\/it\/#website","url":"https:\/\/ch.alfasigma.com\/it\/","name":"Alfasigma Schweiz","description":"Pharmaceuticals with passion","potentialAction":[{"@type":"SearchAction","target":{"@type":"EntryPoint","urlTemplate":"https:\/\/ch.alfasigma.com\/it\/?s={search_term_string}"},"query-input":{"@type":"PropertyValueSpecification","valueRequired":true,"valueName":"search_term_string"}}],"inLanguage":"it-CH"}]}},"_links":{"self":[{"href":"https:\/\/ch.alfasigma.com\/it\/wp-json\/wp\/v2\/pages\/1275","targetHints":{"allow":["GET"]}}],"collection":[{"href":"https:\/\/ch.alfasigma.com\/it\/wp-json\/wp\/v2\/pages"}],"about":[{"href":"https:\/\/ch.alfasigma.com\/it\/wp-json\/wp\/v2\/types\/page"}],"author":[{"embeddable":true,"href":"https:\/\/ch.alfasigma.com\/it\/wp-json\/wp\/v2\/users\/1"}],"replies":[{"embeddable":true,"href":"https:\/\/ch.alfasigma.com\/it\/wp-json\/wp\/v2\/comments?post=1275"}],"version-history":[{"count":0,"href":"https:\/\/ch.alfasigma.com\/it\/wp-json\/wp\/v2\/pages\/1275\/revisions"}],"up":[{"embeddable":true,"href":"https:\/\/ch.alfasigma.com\/it\/wp-json\/wp\/v2\/pages\/104"}],"wp:featuredmedia":[{"embeddable":true,"href":"https:\/\/ch.alfasigma.com\/it\/wp-json\/wp\/v2\/media\/1894"}],"wp:attachment":[{"href":"https:\/\/ch.alfasigma.com\/it\/wp-json\/wp\/v2\/media?parent=1275"}],"curies":[{"name":"wp","href":"https:\/\/api.w.org\/{rel}","templated":true}]}}