{"id":367,"date":"2020-04-07T13:23:50","date_gmt":"2020-04-07T13:23:50","guid":{"rendered":"https:\/\/ch.alfasigma.com\/?page_id=367"},"modified":"2022-09-06T06:45:03","modified_gmt":"2022-09-06T06:45:03","slug":"note-legali","status":"publish","type":"page","link":"https:\/\/ch.alfasigma.com\/it\/note-legali\/","title":{"rendered":"Note Legali"},"content":{"rendered":"\t\t<div data-elementor-type=\"wp-page\" data-elementor-id=\"367\" class=\"elementor elementor-367\" data-elementor-post-type=\"page\">\n\t\t\t\t\t\t<section class=\"elementor-section elementor-top-section elementor-element elementor-element-a95751d elementor-section-boxed elementor-section-height-default elementor-section-height-default\" data-id=\"a95751d\" data-element_type=\"section\" data-e-type=\"section\">\n\t\t\t\t\t\t<div class=\"elementor-container elementor-column-gap-default\">\n\t\t\t\t\t<div class=\"elementor-column elementor-col-100 elementor-top-column elementor-element elementor-element-250bc72 elementor-invisible\" data-id=\"250bc72\" data-element_type=\"column\" data-e-type=\"column\" data-settings=\"{&quot;animation&quot;:&quot;fadeIn&quot;}\">\n\t\t\t<div class=\"elementor-widget-wrap elementor-element-populated\">\n\t\t\t\t\t\t<div class=\"elementor-element elementor-element-205e115 elementor-invisible elementor-widget elementor-widget-heading\" data-id=\"205e115\" data-element_type=\"widget\" data-e-type=\"widget\" data-settings=\"{&quot;_animation&quot;:&quot;zoomIn&quot;}\" data-widget_type=\"heading.default\">\n\t\t\t\t<div class=\"elementor-widget-container\">\n\t\t\t\t\t<h3 class=\"elementor-heading-title elementor-size-default\">Note Legali<\/h3>\t\t\t\t<\/div>\n\t\t\t\t<\/div>\n\t\t\t\t<div class=\"elementor-element elementor-element-139e6e2 elementor-invisible elementor-widget elementor-widget-text-editor\" data-id=\"139e6e2\" data-element_type=\"widget\" data-e-type=\"widget\" data-settings=\"{&quot;_animation&quot;:&quot;fadeIn&quot;}\" data-widget_type=\"text-editor.default\">\n\t\t\t\t<div class=\"elementor-widget-container\">\n\t\t\t\t\t\t\t\t\t<p>L\u2019accesso e l\u2019utilizzo di questo sito web sono soggetti alle seguenti disposizioni. Visitando questo sito web l\u2019utente dichiara di accettare le presenti condizioni di utilizzo. Se non \u00e8 d\u2019accordo con le presenti condizioni di utilizzo, \u00e8 invitato a non utilizzare pi\u00f9 questa pagina web. Alfasigma Schweiz AG pu\u00f2 modificare le condizioni di utilizzo in qualsiasi momento. L\u2019utente \u00e8 invitato ad informarsi periodicamente sulla versione aggiornata delle condizioni di utilizzo.<\/p><p><strong>Esclusione di responsabilit\u00e0<\/strong><br \/>Le informazioni di questo sito web servono esclusivamente per ottenere informazioni di carattere generale su Alfasigma Schweiz AG e sui prodotti e i servizi che la societ\u00e0 offre. Alfasigma Schweiz AG ha compilato il contenuto del sito web secondo scienza e coscienza e si impegna affinch\u00e9 le informazioni sulla pagina web siano aggiornate. Le informazioni sulla pagina web non vantano tuttavia alcuna pretesa di completezza tecnica. Alfasigma Schweiz AG non presta alcuna garanzia sulla correttezza del contenuto, la precisione, l\u2019attualit\u00e0, l\u2019affidabilit\u00e0 e la completezza delle informazioni. Per domande di carattere medico \u00e8 opportuno rivolgersi a uno specialista.<br \/>Rivendicazioni di responsabilit\u00e0 nei confronti dell\u2019autore di danni di natura materiale o immateriale, derivanti dall\u2019accesso o dall\u2019utilizzo o mancato utilizzo delle informazioni pubblicate, da uso improprio del collegamento o da guasti tecnici sono escluse.<br \/>Alfasigma Schweiz AG declina qualsiasi responsabilit\u00e0 per eventuale danneggiamento o attacco di virus alle attrezzature informatiche.<br \/>Tutte le offerte sono non vincolanti. L\u2019autore si riserva espressamente il diritto di modificare, integrare o cancellare parti delle pagine o l\u2019intera offerta senza altro preavviso o di sospenderne temporaneamente o definitivamente la divulgazione.<\/p><p><strong>Responsabilit\u00e0 per i link<\/strong><br \/>Rimandi e link a siti web di terzi esulano dall\u2019ambito della nostra responsabilit\u00e0. Si declina qualsiasi responsabilit\u00e0 per tali siti web. Ci impegniamo tuttavia ad informare l\u2019utente, al momento dell\u2019uscita dal nostro sito web, di possibili divergenze nella destinazione d\u2019uso e nella tutela dati dei siti web di terzi. L\u2019accesso e l\u2019utilizzo di tali siti web avviene a rischio e pericolo dell\u2019utilizzatore.<\/p><p><strong>Utilizzo internazionale<\/strong><br \/>Il sito web viene gestito controllato e curato da Alfasigma Schweiz AG presso la sede di Zofingen. Il sito web \u00e8 previsto per l\u2019uso esclusivo in Svizzera.<br \/>In alcune circostanze, i prodotti presentati nel sito web non sono disponibili in tutti i paesi o non hanno lo stesso marchio commerciale. A seconda del paese, i prodotti devono soddisfare requisiti giuridici diversi.<\/p><p><strong>Diritti d\u2019autore<\/strong><br \/>I diritti d\u2019autore e tutti gli altri diritti riguardanti contenuti, immagini, foto o altri file sul sito web sono propriet\u00e0 esclusiva di Alfasigma Schweiz AG o dei titolari dei diritti espressamente menzionati. Per la riproduzione di qualsiasi elemento \u00e8 necessario il consenso scritto dei detentori dei diritti d\u2019autore.<\/p><p><strong>Contatti<\/strong><br \/>Per domande o reclami riguardanti il rispetto della presente dichiarazione di utilizzo e di tutela dei dati e per raccomandazioni od osservazioni per il miglioramento delle condizioni di utilizzo e della tutela dei dati contattare per e-mail: info.ch@alfasigma.com.\u00a0<\/p>\t\t\t\t\t\t\t\t<\/div>\n\t\t\t\t<\/div>\n\t\t\t\t\t<\/div>\n\t\t<\/div>\n\t\t\t\t\t<\/div>\n\t\t<\/section>\n\t\t\t\t<\/div>\n\t\t","protected":false},"excerpt":{"rendered":"<p>L\u2019accesso e l\u2019utilizzo di questo sito web sono soggetti alle seguenti disposizioni. Visitando questo sito web l\u2019utente dichiara di accettare le presenti condizioni di utilizzo. Se non \u00e8 d\u2019accordo con le presenti condizioni di utilizzo, \u00e8 invitato a non utilizzare pi\u00f9 questa pagina web. Alfasigma Schweiz AG pu\u00f2 modificare le condizioni di utilizzo in qualsiasi &hellip; <a href=\"https:\/\/ch.alfasigma.com\/it\/note-legali\/\">Continued<\/a><\/p>\n","protected":false},"author":1,"featured_media":0,"parent":0,"menu_order":0,"comment_status":"closed","ping_status":"closed","template":"","meta":{"_acf_changed":false,"footnotes":""},"class_list":["post-367","page","type-page","status-publish","hentry"],"acf":[],"yoast_head":"<!-- This site is optimized with the Yoast SEO plugin v27.3 - https:\/\/yoast.com\/product\/yoast-seo-wordpress\/ -->\n<title>Alfasigma Schweiz - Note Legali<\/title>\n<meta name=\"robots\" content=\"index,follow\" \/>\n<link rel=\"canonical\" href=\"https:\/\/ch.alfasigma.com\/it\/note-legali\/\" \/>\n<meta property=\"og:locale\" content=\"it_IT\" \/>\n<meta property=\"og:type\" content=\"article\" \/>\n<meta property=\"og:title\" content=\"Alfasigma Schweiz - Note Legali\" \/>\n<meta property=\"og:description\" content=\"L\u2019accesso e l\u2019utilizzo di questo sito web sono soggetti alle seguenti disposizioni. Visitando questo sito web l\u2019utente dichiara di accettare le presenti condizioni di utilizzo. Se non \u00e8 d\u2019accordo con le presenti condizioni di utilizzo, \u00e8 invitato a non utilizzare pi\u00f9 questa pagina web. Alfasigma Schweiz AG pu\u00f2 modificare le condizioni di utilizzo in qualsiasi &hellip; Continued\" \/>\n<meta property=\"og:url\" content=\"https:\/\/ch.alfasigma.com\/it\/note-legali\/\" \/>\n<meta property=\"og:site_name\" content=\"Alfasigma Schweiz\" \/>\n<meta property=\"article:modified_time\" content=\"2022-09-06T06:45:03+00:00\" \/>\n<meta name=\"twitter:card\" content=\"summary_large_image\" \/>\n<meta name=\"twitter:label1\" content=\"Est. reading time\" \/>\n\t<meta name=\"twitter:data1\" content=\"3 minutes\" \/>\n<script type=\"application\/ld+json\" class=\"yoast-schema-graph\">{\"@context\":\"https:\\\/\\\/schema.org\",\"@graph\":[{\"@type\":\"WebPage\",\"@id\":\"https:\\\/\\\/ch.alfasigma.com\\\/it\\\/note-legali\\\/\",\"url\":\"https:\\\/\\\/ch.alfasigma.com\\\/it\\\/note-legali\\\/\",\"name\":\"Alfasigma Schweiz - Note Legali\",\"isPartOf\":{\"@id\":\"https:\\\/\\\/ch.alfasigma.com\\\/it\\\/#website\"},\"datePublished\":\"2020-04-07T13:23:50+00:00\",\"dateModified\":\"2022-09-06T06:45:03+00:00\",\"breadcrumb\":{\"@id\":\"https:\\\/\\\/ch.alfasigma.com\\\/it\\\/note-legali\\\/#breadcrumb\"},\"inLanguage\":\"it-CH\",\"potentialAction\":[{\"@type\":\"ReadAction\",\"target\":[\"https:\\\/\\\/ch.alfasigma.com\\\/it\\\/note-legali\\\/\"]}]},{\"@type\":\"BreadcrumbList\",\"@id\":\"https:\\\/\\\/ch.alfasigma.com\\\/it\\\/note-legali\\\/#breadcrumb\",\"itemListElement\":[{\"@type\":\"ListItem\",\"position\":1,\"name\":\"Home\",\"item\":\"https:\\\/\\\/ch.alfasigma.com\\\/it\\\/\"},{\"@type\":\"ListItem\",\"position\":2,\"name\":\"Note Legali\"}]},{\"@type\":\"WebSite\",\"@id\":\"https:\\\/\\\/ch.alfasigma.com\\\/it\\\/#website\",\"url\":\"https:\\\/\\\/ch.alfasigma.com\\\/it\\\/\",\"name\":\"Alfasigma Schweiz\",\"description\":\"Pharmaceuticals with passion\",\"potentialAction\":[{\"@type\":\"SearchAction\",\"target\":{\"@type\":\"EntryPoint\",\"urlTemplate\":\"https:\\\/\\\/ch.alfasigma.com\\\/it\\\/?s={search_term_string}\"},\"query-input\":{\"@type\":\"PropertyValueSpecification\",\"valueRequired\":true,\"valueName\":\"search_term_string\"}}],\"inLanguage\":\"it-CH\"}]}<\/script>\n<!-- \/ Yoast SEO plugin. -->","yoast_head_json":{"title":"Alfasigma Schweiz - Note Legali","robots":{"index,follow":"index,follow"},"canonical":"https:\/\/ch.alfasigma.com\/it\/note-legali\/","og_locale":"it_IT","og_type":"article","og_title":"Alfasigma Schweiz - Note Legali","og_description":"L\u2019accesso e l\u2019utilizzo di questo sito web sono soggetti alle seguenti disposizioni. Visitando questo sito web l\u2019utente dichiara di accettare le presenti condizioni di utilizzo. Se non \u00e8 d\u2019accordo con le presenti condizioni di utilizzo, \u00e8 invitato a non utilizzare pi\u00f9 questa pagina web. Alfasigma Schweiz AG pu\u00f2 modificare le condizioni di utilizzo in qualsiasi &hellip; Continued","og_url":"https:\/\/ch.alfasigma.com\/it\/note-legali\/","og_site_name":"Alfasigma Schweiz","article_modified_time":"2022-09-06T06:45:03+00:00","twitter_card":"summary_large_image","twitter_misc":{"Est. reading time":"3 minutes"},"schema":{"@context":"https:\/\/schema.org","@graph":[{"@type":"WebPage","@id":"https:\/\/ch.alfasigma.com\/it\/note-legali\/","url":"https:\/\/ch.alfasigma.com\/it\/note-legali\/","name":"Alfasigma Schweiz - Note Legali","isPartOf":{"@id":"https:\/\/ch.alfasigma.com\/it\/#website"},"datePublished":"2020-04-07T13:23:50+00:00","dateModified":"2022-09-06T06:45:03+00:00","breadcrumb":{"@id":"https:\/\/ch.alfasigma.com\/it\/note-legali\/#breadcrumb"},"inLanguage":"it-CH","potentialAction":[{"@type":"ReadAction","target":["https:\/\/ch.alfasigma.com\/it\/note-legali\/"]}]},{"@type":"BreadcrumbList","@id":"https:\/\/ch.alfasigma.com\/it\/note-legali\/#breadcrumb","itemListElement":[{"@type":"ListItem","position":1,"name":"Home","item":"https:\/\/ch.alfasigma.com\/it\/"},{"@type":"ListItem","position":2,"name":"Note Legali"}]},{"@type":"WebSite","@id":"https:\/\/ch.alfasigma.com\/it\/#website","url":"https:\/\/ch.alfasigma.com\/it\/","name":"Alfasigma Schweiz","description":"Pharmaceuticals with passion","potentialAction":[{"@type":"SearchAction","target":{"@type":"EntryPoint","urlTemplate":"https:\/\/ch.alfasigma.com\/it\/?s={search_term_string}"},"query-input":{"@type":"PropertyValueSpecification","valueRequired":true,"valueName":"search_term_string"}}],"inLanguage":"it-CH"}]}},"_links":{"self":[{"href":"https:\/\/ch.alfasigma.com\/it\/wp-json\/wp\/v2\/pages\/367","targetHints":{"allow":["GET"]}}],"collection":[{"href":"https:\/\/ch.alfasigma.com\/it\/wp-json\/wp\/v2\/pages"}],"about":[{"href":"https:\/\/ch.alfasigma.com\/it\/wp-json\/wp\/v2\/types\/page"}],"author":[{"embeddable":true,"href":"https:\/\/ch.alfasigma.com\/it\/wp-json\/wp\/v2\/users\/1"}],"replies":[{"embeddable":true,"href":"https:\/\/ch.alfasigma.com\/it\/wp-json\/wp\/v2\/comments?post=367"}],"version-history":[{"count":0,"href":"https:\/\/ch.alfasigma.com\/it\/wp-json\/wp\/v2\/pages\/367\/revisions"}],"wp:attachment":[{"href":"https:\/\/ch.alfasigma.com\/it\/wp-json\/wp\/v2\/media?parent=367"}],"curies":[{"name":"wp","href":"https:\/\/api.w.org\/{rel}","templated":true}]}}